{"id":902,"date":"2024-08-12T15:39:53","date_gmt":"2024-08-12T18:39:53","guid":{"rendered":"https:\/\/crowntoursmendoza.com\/?page_id=902"},"modified":"2025-07-10T10:53:38","modified_gmt":"2025-07-10T13:53:38","slug":"eventos-empresariales-en-mendoza","status":"publish","type":"page","link":"https:\/\/crowntoursmendoza.com\/pt\/eventos-empresariales-en-mendoza\/","title":{"rendered":"Eventos de neg\u00f3cios em Mendoza"},"content":{"rendered":"[et_pb_section fb_built=\"1\u2033 module_class=\"home__portada\" _builder_version=\"4.27.0\u2033 _module_preset=\"default\" background_image=\"https:\/\/crowntoursmendoza.com\/wp-content\/uploads\/2024\/08\/crown-tours-mendoza-empresariales-portada.jpg\" background_position=\"top_center\" height=\"100vh\" height_tablet=\"80vh\" height_phone=\"60vh\" height_last_edited=\"on|phone\" custom_padding=\"0px|||0px|||true|false\" custom_css_main_element=\"display: flex;|||align-items: flex-end;\" locked=\"off\" global_colors_info=\"{}\"][et_pb_row _builder_version=\"4.27.0\u2033 _module_preset=\"default\" width=\"90%\" width_tablet=\"90%\" width_phone=\"85%\" width_last_edited=\"on|tablet\" max_width=\"100%\" custom_margin=\"0px||120px||false|false|false\" custom_margin_tablet=\"0px|||200px||||false|false|false\" custom_margin_phone=\"0px||100px|||false|false|false\" custom_margin_last_edited=\"on|phone\" custom_padding=\"0px||0px|||true|false\" global_colors_info=\"{}\"][et_pb_column type=\"4_4\u2033 _builder_version=\"4.27.0\u2033 _module_preset=\"default\" global_colors_info=\"{}\"][et_pb_text _builder_version=\"4.27.0\u2033 _module_preset=\"default\" header_text_align=\"center\" header_text_color=\"#FFFFFFFFFF\" header_font_size=\"42px\" header_line_height=\"48px\" custom_margin=\"|||20px||false|false|false\" custom_margin_tablet=\"|||20px||false|false|false\" custom_margin_phone=\"|||10px|||false|false\" custom_margin_last_edited=\"on|phone\" header_font_size_tablet=\"38px\" header_font_size_phone=\"30px\" header_font_size_last_edited=\"on|tablet\" header_line_height_tablet=\"44px\" header_line_height_phone=\"36px\" header_line_height_last_edited=\"on|tablet\" global_colors_info=\"{}\"]<h1>Eventos corporativos em Mendoza<\/h1>[\/et_pb_text][et_pb_button button_url=\"https:\/\/wa.link\/e8mefs\" url_new_window=\"on\" button_text=\"BOOK\" button_alignment=\"center\" _builder_version=\"4.27.0\u2033 _module_preset=\"default\" custom_button=\"on\" button_text_size=\"18px\" button_text_color=\"#FFFFFFFFFFFF\" button_bg_color=\"RGBA(255,255,255,0)\" button_border_color=\"#FFFFFFFFFF\" button_border_radius=\"0px\" button_font=\"Gotham - Bold||||||||\" button_use_icon=\"off\" custom_padding=\"|30px||30px|true|true|true\" button_text_size_tablet=\"18px\" button_text_size_tablet=\"18px\" button_text_size_phone=\"16px\" button_text_size_last_edited=\"on|phone\" global_colors_info=\"{}\" button_text_color__hover=\"#323234\u2033 button_text_color__hover_enabled=\"on|hover\" button_bg_color__hover=\"#FFFFFFFF\" button_bg_color__hover_enabled=\"on|desktop\" button_custom_margin_tablet=\"30px||||false|false\" button_custom_margin_phone=\"10px|||30px|||false|false|false|false\" button_custom_margin_last_edited=\"on|phone\" button_bg_enable_color__hover=\"on\" button_bg_enable_color__hover=\"on\" button_border_color__hover_enabled=\"on|hover\" button_border_color__hover=\"#FFFFFFFFFFFF\"][\/et_pb_button][\/et_pb_column][\/et_pb_row][\/et_pb_section][et_pb_section fb_built=\"1\u2033 custom_padding_last_edited=\"on|tablet\" module_id=\"tour-desc\" module_class=\"section__overlay\" _builder_version=\"4.27.0\u2033 _module_preset=\"default\" background_enable_color=\"off\" background_image=\"https:\/\/crowntoursmendoza.com\/wp-content\/uploads\/2024\/08\/crown-tours-mendoza-casamientos-background.jpg\" background_position=\"top_center\" background_vertical_offset=\"0%\" custom_padding=\"130px||130px|||false|false|false\" custom_padding_tablet=\"40px|||100px||||false|false|false|false\" custom_padding_phone=\"20px||60px||||false|false|false\" locked=\"off\" global_colors_info=\"{}\"][et_pb_row _builder_version=\"4.27.0\u2033 _module_preset=\"default\" width_tablet=\"90%\" width_phone=\"85%\" width_last_edited=\"on|tablet\" global_colors_info=\"{}\"][et_pb_column type=\"4_4\u2033 _builder_version=\"4.26.1\u2033 _module_preset=\"default\" global_colors_info=\"{}\"][et_pb_text _builder_version=\"4.27.0\u2033 _module_preset=\"default\" header_2_text_align=\"center\" header_2_text_color=\"#E1DFD5\u2033 header_2_font_size=\"38px\" header_2_line_height=\"44px\" max_width=\"690px\" module_alignment=\"center\" custom_margin=\"|||20px||||false|false|false\" custom_margin_phone=\"30px|||10px|||false|false|false|false\" custom_margin_last_edited=\"off|desktop\" header_2_text_align_align_tablet=\"center\" header_2_text_align_phone=\"center\" header_2_text_align_last_edited=\"on|phone\" header_2_font_size_tablet=\"30px\" header_2_font_size_phone=\"26px\" header_2_font_size_phone=\"26px\" header_2_font_size_last_edited=\"on|tablet\" header_2_line_height_tablet=\"38px\" header_2_line_height_phone=\"34px\" header_2_line_height_last_edited=\"on|tablet\" global_colors_info=\"{}\"]<h2>Servi\u00e7os personalizados<\/h2>[\/et_pb_text][et_pb_text _builder_version=\"4.27.0\u2033 _module_preset=\"default\" text_font=\"-et_global_body_font|500|||||||\" text_text_color=\"#E1DFD5\u2033 text_font_size=\"20px\" text_line_height=\"28px\" text_orientation=\"center\" max_width=\"780px\" max_width_tablet=\"90%\" max_width_phone=\"100%\" max_width_last_edited=\"on|tablet\" module_alignment=\"center\" text_font_size_tablet=\"16px\" text_font_size_phone=\"14px\" text_font_size_last_edited=\"on|tablet\" text_line_height_tablet=\"24px\" text_line_height_phone=\"20px\" text_line_height_last_edited=\"on|tablet\" text_orientation_phone=\"center\" text_orientation_last_edited=\"off|desktop\" global_colors_info=\"{}\"]<p>Procurando um lugar \u00fanico e memor\u00e1vel para celebrar seu evento de neg\u00f3cios? Os vinhedos de Mendoza oferecem o cen\u00e1rio perfeito para qualquer ocasi\u00e3o. Com seu cen\u00e1rio deslumbrante e a eleg\u00e2ncia de suas vin\u00edcolas, \u00e9 o lugar ideal para surpreender seus convidados e criar mem\u00f3rias inesquec\u00edveis.<\/p>[\/et_pb_text][\/et_pb_column][\/et_pb_row][\/et_pb_section][et_pb_section fb_built=\"1\u2033 _builder_version=\"4.27.0\u2033 _module_preset=\"default\" background_color=\"#E1DFD5\u2033 locked=\"off\" global_colors_info=\"{}\"][et_pb_row _builder_version=\"4.27.0\u2033 _module_preset=\"default\" width=\"90%\" width_tablet=\"90%\" width_phone=\"90%\" width_last_edited=\"on|tablet\" max_width=\"1500px\" global_colors_info=\"{}\"][et_pbb_column type=\"4_4\u2033 _builder_version=\"4.26.1\u2033 _module_preset=\"default\" global_colors_info=\"{}\"][et_pb_text _builder_version=\"4.27.0\u2033 _module_preset=\"default\" header_2_text_align=\"left\" header_2_text_color=\"#323234\u2033 header_2_font_size=\"32px\" header_2_line_height=\"40px\" max_width_tablet=\"\" max_width_phone=\"100%\" max_width_last_edited=\"on|phone\" custom_margin=\"|||30px||false|false|false|false\" custom_margin_tablet=\"|||10px|||false|false|false|false\" custom_margin_phone=\"|||10px|||false|false|false|false\" custom_margin_last_edited=\"on|phone\" header_2_text_align_tablet=\"left\" header_2_text_align_phone=\"center\" header_2_text_align_last_edited=\"on|phone\" header_2_font_size_tablet=\"30px\" header_2_font_size_phone=\"24px\" header_2_font_size_last_edited=\"on|tablet\" header_2_line_height_tablet=\"38px\" header_2_line_height_phone=\"32px\" header_2_line_height_last_edited=\"on|tablet\" module_alignment_tablet=\"\" module_alignment_phone=\"center\" module_alignment_last_edited=\"on|phone\" global_colors_info=\"{}\"]<h2>Servi\u00e7os personalizados para seu evento<\/h2>[\/et_pb_text][et_pb_code _builder_version=\"4.27.4\u2033 _module_preset=\"default\" max_width=\"80%\" max_width_tablet=\"90%\" max_width_phone=\"100%\" max_width_last_edited=\"on|tablet\" module_alignment=\"center\" hover_enabled=\"0\u2033 global_colors_info=\"{}\" sticky_enabled=\"0\u2033]<div class=\"tour__detalles__container\"><!-- [et_pb_line_break_holder] -->  <div class=\"tour__item\"><!-- [et_pb_line_break_holder] -->    <div class=\"tour__titulos\"><!-- [et_pb_line_break_holder] -->      <div class=\"tour__titulo\"><!-- [et_pb_line_break_holder] -->        <img decoding=\"async\" src=\"https:\/\/crowntoursmendoza.com\/wp-content\/uploads\/2024\/08\/burbujas-tour-icono-4.svg\" width=\"100%\" height=\"100%\" alt=\"Eventos empresariales en Mendoza: ilustraci\u00f3n de un barril de vino\"><!-- [et_pb_line_break_holder] -->        <h4><!-- [et_pb_line_break_holder] -->          ALUGUEL DE ESPA\u00c7OS<!-- [et_pb_line_break_holder] -->        <\/h4><!-- [et_pb_line_break_holder] -->      <\/div><!-- [et_pb_line_break_holder] -->      <div class=\"tour__titulo\"><!-- [et_pb_line_break_holder] -->        <img decoding=\"async\" src=\"https:\/\/crowntoursmendoza.com\/wp-content\/uploads\/2024\/08\/burbujas-tour-icono-3.svg\" width=\"100%\" height=\"100%\" alt=\"Eventos empresariales en Mendoza: Ilustraci\u00f3n de una mano sosteniendo una bandeja de catering\"><!-- [et_pb_line_break_holder] -->        <h4><!-- [et_pb_line_break_holder] -->          CATERING<!-- [et_pb_line_break_holder] -->        <\/h4><!-- [et_pb_line_break_holder] -->      <\/div><!-- [et_pb_line_break_holder] -->      <div class=\"tour__titulo\"><!-- [et_pb_line_break_holder] -->        <img decoding=\"async\" src=\"https:\/\/crowntoursmendoza.com\/wp-content\/uploads\/2024\/08\/empresarial-deco.svg\" width=\"100%\" height=\"100%\" alt=\"Eventos empresariales en Mendoza: Ilustraci\u00f3n de una planta en una maceta representando decoraci\u00f3n de eventos\"><!-- [et_pb_line_break_holder] -->        <h4><!-- [et_pb_line_break_holder] -->          DECORA\u00c7\u00c3O<!-- [et_pb_line_break_holder] -->        <\/h4><!-- [et_pb_line_break_holder] -->      <\/div><!-- [et_pb_line_break_holder] -->      <div class=\"tour__titulo\"><!-- [et_pb_line_break_holder] -->        <img decoding=\"async\" src=\"https:\/\/crowntoursmendoza.com\/wp-content\/uploads\/2024\/08\/empresarial-animacion.svg\" width=\"100%\" height=\"100%\" alt=\"Eventos empresariales en Mendoza: Ilustraci\u00f3n de un micr\u00f3fono simbolizando animaci\u00f3n en eventos\"><!-- [et_pb_line_break_holder] -->        <h4><!-- [et_pb_line_break_holder] -->          ANIMA\u00c7\u00c3O<!-- [et_pb_line_break_holder] -->        <\/h4><!-- [et_pb_line_break_holder] -->      <\/div><!-- [et_pb_line_break_holder] -->      <div class=\"tour__titulo ultimo\"><!-- [et_pb_line_break_holder] -->        <img decoding=\"async\" src=\"https:\/\/crowntoursmendoza.com\/wp-content\/uploads\/2024\/08\/burbujas-tour-icono-1.svg\" width=\"100%\" height=\"100%\" alt=\"Eventos empresariales en Mendoza: Ilustraci\u00f3n de un autob\u00fas de transporte para eventos empresariales\"><!-- [et_pb_line_break_holder] -->        <h4><!-- [et_pb_line_break_holder] -->          SERVI\u00c7OS DE TRANSPORTE<!-- [et_pb_line_break_holder] -->        <\/h4><!-- [et_pb_line_break_holder] -->      <\/div><!-- [et_pb_line_break_holder] -->    <\/div><!-- [et_pb_line_break_holder] -->    <div class=\"tour__desc\"><!-- [et_pb_line_break_holder] -->    \t<pee><!-- [et_pb_line_break_holder] -->        Na Crown Tours, ajudamos voc\u00ea a projetar e organizar um evento corporativo que se destaque por sua eleg\u00e2ncia, sofistica\u00e7\u00e3o e aten\u00e7\u00e3o aos detalhes. Estaremos com voc\u00ea em cada etapa do processo, garantindo que tudo esteja perfeitamente coordenado para que seu evento seja um sucesso retumbante.<!-- [et_pb_line_break_holder] -->      <\/pee><!-- [et_pb_line_break_holder] -->    <\/div><!-- [et_pb_line_break_holder] -->  <\/div><!-- [et_pb_line_break_holder] -->  <!-- [et_pb_line_break_holder] --><\/div>[\/et_pb_code][\/et_pb_column][\/et_pb_row][\/et_pb_section][et_pb_section fb_built=\"1\u2033 custom_padding_last_edited=\"on|phone\" _builder_version=\"4.27.0\u2033 _module_preset=\"default\" custom_padding_tablet=\"\" custom_padding_phone=\"30px|||30px|||true|false\" global_colors_info=\"{}\"][et_pb_row custom_padding_last_edited=\"on|desktop\" _builder_version=\"4.27.0\u2033 _module_preset=\"default\" width=\"95%\" width_tablet=\"560px\" width_phone=\"85%\" width_last_edited=\"on|phone\" custom_padding=\"|||20px|||false|false\" custom_padding_tablet=\"|||20px|||false|false|false\" custom_padding_phone=\"|||20px||||false|false|false\" global_colors_info=\"{}\"][et_pb_column type=\"4_4\u2033 _builder_version=\"4.27.0\u2033 _module_preset=\"default\" global_colors_info=\"{}\"][et_pb_text _builder_version=\"4.27.0\u2033 _module_preset=\"default\" header_2_text_align=\"center\" header_2_text_color=\"#4C2178\u2033 header_2_font_size=\"38px\" header_2_line_height=\"44px\" custom_margin=\"|||0px||false|false|false\" custom_margin_tablet=\"\" custom_margin_phone=\"|||0px||false|false|false|false\" custom_margin_last_edited=\"on|phone\" header_2_text_align_tablet=\"left\" header_2_text_align_phone=\"center\" header_2_text_align_last_edited=\"off|desktop\" header_2_font_size_tablet=\"30px\" header_2_font_size_phone=\"24px\" header_2_font_size_phone=\"24px\" header_2_font_size_last_edited=\"on|tablet\" header_2_line_height_tablet=\"38px\" header_2_line_height_phone=\"32px\" header_2_line_height_last_edited=\"on|tablet\" global_colors_info=\"{}\"]<h2>Vamos come\u00e7ar a planejar seu evento de neg\u00f3cios<\/h2>[\/et_pb_text][\/et_pb_column][\/et_pb_row][et_pb_row _builder_version=\u00bb4.27.0\u2033 _module_preset=\"default\" background_color=\"#E1DFD5\u2033 width_tablet=\"\" width_phone=\"85%\" width_last_edited=\"on|phone\" max_width=\"700px\" max_width_tablet=\"700px\" max_width_phone=\"700px\" max_width_last_edited=\"on|desktop\" custom_padding=\"30px|0px|0px|30px|0px|true|true\" border_color_all=\"#4C2178\u2033 global_colors_info=\"{}\"][et_pb_column type=\"4_4\u2033 _builder_version=\"4.27.0\u2033 _module_preset=\"default\" global_colors_info=\"{}\"][et_pb_image src=\"https:\/\/crowntoursmendoza.com\/wp-content\/uploads\/2024\/08\/business-planning.svg\" title_text=\"business-planning\" _builder_version=\"4.27.4\u2033 _module_preset=\"default\" max_width=\"200px\" max_width_tablet=\"200px\" max_width_phone=\"160px\" max_width_last_edited=\"on|phone\" module_alignment=\"center\" custom_margin_tablet=\"\" custom_margin_phone=\"||||20px|||false|false\" custom_margin_last_edited=\"on|phone\" hover_enabled=\"0\u2033 global_colors_info=\"{}\" alt=\"Ilustra\u00e7\u00e3o de pontos de controle de planejamento em eventos de neg\u00f3cios em Mendoza\" sticky_enabled=\"0\u2033][\/et_pb_image][\/et_pb_image][et_pb_text _builder_version=\"4.27.0\u2033 _module_preset=\"default\" text_text_color=\"#323234\u2033 text_font_size=\"16px\" text_orientation=\"center\" max_width=\"480px\" max_width_tablet=\"480px\" max_width_phone=\"90%\" max_width_last_edited=\"on|phone\" module_alignment=\"center\" custom_margin=\"|||20px||false|false\" custom_padding=\"|||20px|||false|false|false\" custom_padding_tablet=\"\" custom_padding_phone=\"|20px|||20px|false|true\" custom_padding_last_edited=\"on|phone\" text_font_size_tablet=\"16px\" text_font_size_phone=\"14px\" text_font_size_last_edited=\"on|phone\" text_line_height_tablet=\"\" text_line_height_phone=\"18px\" text_line_height_last_edited=\"on|phone\" border_width_bottom=\"1px\" border_color_bottom=\"#4C2178\u2033 global_colors_info=\"{}\"]<p>Acompanhamos voc\u00ea em todas as etapas do processo, certificando-nos de que<br \/>que tudo esteja perfeitamente coordenado para que seu evento seja um sucesso estrondoso.<\/p>[\/et_pb_text][et_pb_button button_url=\"https:\/\/wa.link\/e8mefs\" url_new_window=\"on\" button_text=\"CONTACT\" button_alignment=\"center\" _builder_version=\"4.27.0\u2033 _module_preset=\"default\" custom_button=\"on\" button_text_size=\"18px\" button_text_color=\"#4C2178\u2033 button_bg_color=\"RGBA(255,255,255,0)\" button_border_color=\"#4C2178\u2033 button_border_radius=\"0px\" button_font=\"Gotham - Bold||||||||\" button_use_icon=\"off\" custom_padding=\"|30px||30px|true|true|true\" button_text_size_tablet=\"18px\" button_text_size_phone=\"16px\" button_text_size_last_edited=\"on|phone\" global_colors_info=\"{}\" button_text_color__hover=\"#FFFFFFFF\" button_text_color__hover=\"#FFFFFFFF\" button_text_color__hover_enabled=\"on|hover\" button_bg_color__hover=\"#4C2178\u2033 button_bg_color__hover_enabled=\"on|desktop\" button_custom_margin_tablet=\"30px||||false|false\" button_custom_margin_tablet=\"30px||||false|false\" button_custom_margin_phone=\"10px|||30px|||false|false|false\" button_custom_margin_last_edited=\"on|phone\" button_bg_enable_enable_color__hover=\"on\"][\/et_pb_button][\/et_pb_column][\/et_pb_row][\/et_pb_section]","protected":false},"excerpt":{"rendered":"<p>Eventos corporativos em MendozaServi\u00e7os personalizadosVoc\u00ea est\u00e1 procurando um lugar \u00fanico e memor\u00e1vel para celebrar seu evento corporativo? Os vinhedos de Mendoza oferecem o cen\u00e1rio perfeito para qualquer ocasi\u00e3o. Com seu cen\u00e1rio de tirar o f\u00f4lego e a eleg\u00e2ncia de suas vin\u00edcolas, \u00e9 o lugar ideal para surpreender seus convidados e criar mem\u00f3rias inesquec\u00edveis.Servi\u00e7os personalizados para seu eventoVamos come\u00e7ar a planejar [...]<\/p>","protected":false},"author":1,"featured_media":908,"parent":0,"menu_order":0,"comment_status":"closed","ping_status":"closed","template":"","meta":{"_et_pb_use_builder":"on","_et_pb_old_content":"","_et_gb_content_width":"","footnotes":""},"categories":[13],"tags":[],"class_list":["post-902","page","type-page","status-publish","has-post-thumbnail","hentry","category-eventos"],"aioseo_notices":[],"_links":{"self":[{"href":"https:\/\/crowntoursmendoza.com\/pt\/wp-json\/wp\/v2\/pages\/902","targetHints":{"allow":["GET"]}}],"collection":[{"href":"https:\/\/crowntoursmendoza.com\/pt\/wp-json\/wp\/v2\/pages"}],"about":[{"href":"https:\/\/crowntoursmendoza.com\/pt\/wp-json\/wp\/v2\/types\/page"}],"author":[{"embeddable":true,"href":"https:\/\/crowntoursmendoza.com\/pt\/wp-json\/wp\/v2\/users\/1"}],"replies":[{"embeddable":true,"href":"https:\/\/crowntoursmendoza.com\/pt\/wp-json\/wp\/v2\/comments?post=902"}],"version-history":[{"count":0,"href":"https:\/\/crowntoursmendoza.com\/pt\/wp-json\/wp\/v2\/pages\/902\/revisions"}],"wp:featuredmedia":[{"embeddable":true,"href":"https:\/\/crowntoursmendoza.com\/pt\/wp-json\/wp\/v2\/media\/908"}],"wp:attachment":[{"href":"https:\/\/crowntoursmendoza.com\/pt\/wp-json\/wp\/v2\/media?parent=902"}],"wp:term":[{"taxonomy":"category","embeddable":true,"href":"https:\/\/crowntoursmendoza.com\/pt\/wp-json\/wp\/v2\/categories?post=902"},{"taxonomy":"post_tag","embeddable":true,"href":"https:\/\/crowntoursmendoza.com\/pt\/wp-json\/wp\/v2\/tags?post=902"}],"curies":[{"name":"wp","href":"https:\/\/api.w.org\/{rel}","templated":true}]}}