{"id":658,"date":"2024-08-01T12:55:38","date_gmt":"2024-08-01T15:55:38","guid":{"rendered":"https:\/\/dev.estudiocrear.com\/crown\/?page_id=658"},"modified":"2025-07-10T15:26:40","modified_gmt":"2025-07-10T18:26:40","slug":"paseo-en-globo-aeroestatico","status":"publish","type":"page","link":"https:\/\/crowntoursmendoza.com\/pt\/paseo-en-globo-aeroestatico\/","title":{"rendered":"Bal\u00e3o de ar quente em Mendoza"},"content":{"rendered":"<p>[et_pb_section fb_built=\"1\u2033 module_class=\"home__portada\" _builder_version=\"4.27.0\u2033 _module_preset=\"default\" custom_padding=\"0px|||0px|||true|false\" global_colors_info=\"{}\"][et_pb_row _builder_version=\"4.27.0\u2033 _module_preset=\"default\" width=\"100%\" max_width=\"100%\" custom_padding=\"0px|||0px|||true|false\" global_colors_info=\"{}\"][et_pb_column type=\"4_4\u2033 _builder_version=\"4.27.0\u2033 _module_preset=\"default\" global_colors_info=\"{}\"][et_pb_slider use_bg_overlay=\"on\" bg_overlay_color=\"rgba(20,34,53,0.2)\" use_text_overlay=\"off\" arrows_custom_color=\"#E1DFD5\u2033 dot_nav_custom_color=\"#E1DFD5\u2033 _builder_version=\"4.27.4\u2033 _module_preset=\"default\" header_level=\"h1\u2033 header_font=\"||||||||\" header_font_size=\"38px\" header_line_height=\"46px\" body_font_size=\"18px\" body_line_height=\"22px\" custom_button=\"on\" button_text_color=\"#FFFFFFFF\" button_bg_color=\"RGBA(255,255,255,0)\" button_border_color=\"#FFFFFFFF\" button_border_radius=\"0px\" button_font=\"Gotham - Bold||||||||\" button_use_icon=\"off\" button_custom_margin=\"30px||||false|false\" button_custom_margin=\"30px||||false|false\" button_custom_margin_tablet=\"30px||||false|false\" button_custom_margin_phone=\"10px|||30px||false|false|false|false\" button_custom_margin_last_edited=\"on|phone\" button_custom_padding=\"|20px||20px|false|true\" button_custom_padding=\"|20px||20px|false|true\" content_max_width=\"980px\" height=\"100vh\" height_tablet=\"80vh\" height_phone=\"60vh\" height_last_edited=\"on|tablet\" custom_padding=\"||||false|false\" hover_enabled=\"0\u2033 header_font_size_tablet=\"30px\" header_font_size_phone=\"24px\" header_font_size_last_edited=\"on|tablet\" header_line_height_tablet=\"38px\" header_line_height_phone=\"30px\" header_line_height_last_edited=\"on|tablet\" body_font_size_tablet=\"18px\" body_font_size_phone=\"14px\" body_font_size_last_edited=\"on|phone\" body_line_height_tablet=\"22px\" body_line_height_phone=\"18px\" body_line_height_phone=\"18px\" body_line_height_last_edited=\"on|phone\" button_text_size_tablet=\"\" button_text_size_phone=\"16px\" button_text_size_last_edited=\"on|phone\" header_text_shadow_style=\"preset1\u2033 button_text_shadow_style=\"preset1\u2033 button_text_size_tablet=\"\" button_text_size_phone=\"16px\" button_text_size_last_edited=\"on|phone global_colors_info=\"{}\" button_bg_color__hover_enabled=\"on|hover\" button_bg_color__hover=\"#FFFFFFFFFFFF\" button_bg_enable_color__hover=\"on\" button_text_color__hover_enabled=\"on|desktop\" button_text_color__hover_enabled=\"on|desktop\" button_text_color__hover=\"#323234\u2033 auto=\"on\" auto_speed=\"6000\u2033 auto_ignore_hover=\"on\" sticky_enabled=\"0\u2033][et_pb_slide heading=\"Bolhas no ar: Passeio de bal\u00e3o de ar quente\" button_text=\"BOOK\" _builder_version=\"4.27.4\u2033 _module_preset=\"default\" background_enable_color=\"off\" background_image=\"https:\/\/crowntoursmendoza.com\/wp-content\/uploads\/2024\/08\/burbujas-tour-portada-1.jpg\" background_enable_image=\"on\" hover_enabled=\"0\u2033 global_colors_info=\"{}\" sticky_transition=\"on\" sticky_enabled=\"0\u2033][\/et_pb_slide][et_pb_slide heading=\"Passeio particular de bal\u00e3o de ar quente\" button_text=\"RESERVAR\" _builder_version=\"4.27.4\u2033 _module_preset=\"default\" header_font=\"||||||||\" background_enable_color=\"off\" background_image=\"https:\/\/crowntoursmendoza.com\/wp-content\/uploads\/2024\/08\/bubbles-tour-portada-2.jpg\" background_enable_image=\"on\" hover_enabled=\"0\u2033 custom_css_slide_title=\"text-transform: none!important;\" global_colors_info=\"{}\" sticky_transition=\"on\" header_level=\"h2\u2033 sticky_enabled=\"0\u2033][\/et_pb_slide][et_pb_slide heading=\"P\u00f4r do sol na Bodega\" button_text=\"RESERVAR\" _builder_version=\"4.27.4\u2033 _module_preset=\"default\" background_enable_color=\"off\" background_image=\"https:\/\/crowntoursmendoza.com\/wp-content\/uploads\/2024\/08\/burbujas-tour-portada-3.jpg\" background_enable_image=\"on\" hover_enabled=\"0\u2033 custom_css_slide_title=\"text-transform: none!important;\" global_colors_info=\"{}\" sticky_transition=\"on\" header_level=\"h2\u2033 sticky_enabled=\"0\u2033][\/et_pb_slide][\/et_pb_slider][\/et_pb_column][\/et_pb_row][\/et_pb_section][et_pb_section fb_built=\"1\u2033 custom_padding_last_edited=\"on|tablet\" module_class=\"section__overlay\" _builder_version=\"4.27.0\u2033 _module_preset=\"default\" background_enable_color=\"off\" background_image=\"https:\/\/crowntoursmendoza.com\/wp-content\/uploads\/2024\/08\/burbujas-tour-background.jpg\" background_position=\"bottom_center\" background_vertical_offset=\"25%\" custom_padding=\"200px||120px|||false|false|false\" custom_padding_tablet=\"100px|||100px||true|false\" custom_padding_phone=\"60px||60px|||true|false\" locked=\"off\" global_colors_info=\"{}\"][et_pb_row _builder_version=\"4.27.0\u2033 _module_preset=\"default\" width_tablet=\"90%\" width_phone=\"85%\" width_last_edited=\"on|tablet\" locked=\"off\" global_colors_info=\"{}\"][et_pb_column type=\"4_4\u2033 _builder_version=\"4.26.1\u2033 _module_preset=\"default\" global_colors_info=\"{}\"][et_pb_text _builder_version=\"4.27.0\u2033 _module_preset=\"default\" header_2_text_align=\"right\" header_2_text_color=\"#E1DFD5\u2033 header_2_font_size=\"38px\" header_2_line_height=\"44px\" custom_margin=\"|||10px||false|false|false\" custom_margin_tablet=\"\" custom_margin_phone=\"|||10px||false|false|false|false\" custom_margin_last_edited=\"on|phone\" header_2_text_align_tablet=\"left\" header_2_text_align_phone=\"center\" header_2_text_align_last_edited=\"on|phone\" header_2_font_size_tablet=\"30px\" header_2_font_size_phone=\"26px\" header_2_font_size_phone=\"26px\" header_2_font_size_last_edited=\"on|tablet\" header_2_line_height_tablet=\"38px\" header_2_line_height_phone=\"34px\" header_2_line_height_last_edited=\"on|tablet\" global_colors_info=\"{}\"]<\/p>\n<h2>Embarque em um dia m\u00e1gico<\/h2>\n<p>[\/et_pb_text][et_pb_text _builder_version=\"4.27.0\u2033 _module_preset=\"default\" text_font=\"-et_global_body_font|500|||||||\" text_text_color=\"#E1DFD5\u2033 text_font_size=\"20px\" text_line_height=\"28px\" background_color=\"RGBA(255,255,255,0)\" max_width=\"600px\" max_width_tablet=\"90%\" max_width_phone=\"100%\" max_width_last_edited=\"on|tablet\" module_alignment=\"right\" text_font_size_tablet=\"16px\" text_font_size_phone=\"14px\" text_font_size_last_edited=\"on|tablet\" text_line_height_tablet=\"24px\" text_line_height_phone=\"20px\" text_line_height_last_edited=\"on|tablet\" text_orientation_tablet=\"\" text_orientation_phone=\"center\" text_orientation_last_edited=\"on|phone\" global_colors_info=\"{}\"]<\/p>\n<p>Um dia inteiro exclusivo e privado, que o levar\u00e1 a explorar tr\u00eas vin\u00edcolas de primeira linha, cada uma oferecendo um deleite \u00fanico para o seu paladar e esp\u00edrito. Descubra a paix\u00e3o e a dedica\u00e7\u00e3o por tr\u00e1s de cada ta\u00e7a.<\/p>\n<p>Desfrutaremos de um almo\u00e7o de pasos, acompanhado de vinhos extraordin\u00e1rios, abrindo garrafas selecionadas que custam mais de cem d\u00f3lares. O dia culmina com a emocionante decolagem do bal\u00e3o de ar quente ao p\u00f4r do sol, onde flutuaremos em meio aos sussurros da brisa, brindando enquanto o sol se p\u00f5e. Uma experi\u00eancia que se estende da terra ao c\u00e9u, tecendo momentos inesquec\u00edveis na tape\u00e7aria da enologia e da poesia celestial. Junte-se a n\u00f3s e descubra a magia que impulsiona a cria\u00e7\u00e3o dos melhores vinhos do mundo enquanto desfruta de um p\u00f4r do sol \u00fanico!<\/p>\n<p>[\/et_pb_text][\/et_pb_column][\/et_pb_row][\/et_pb_section][et_pb_section fb_built=\"1\u2033 _builder_version=\"4.27.0\u2033 _module_preset=\"default\" custom_padding=\"5px|||5px||true|false\" global_colors_info=\"{}\"][et_pb_row _builder_version=\"4.27.0\u2033 _module_preset=\"default\" width=\"100%\" max_width=\"100%\" custom_padding=\"5px|||5px||true|false\" global_colors_info=\"{}\"][et_pb_column type=\"4_4\u2033 _builder_version=\"4.27.0\u2033 _module_preset=\"default\" global_colors_info=\"{}\"][et_pb_code admin_label=\"Galeria - Carrossel\" module_id=\"carousel\" _builder_version=\"4.27.4\u2033 _module_preset=\"default\" min_height=\"30px\" hover_enabled=\"0\u2033 global_colors_info=\"{}\" sticky_enabled=\"0\u2033]]<\/p>\n<div class=\"galeria owl-carousel general\"><!-- [et_pb_line_break_holder] -->  <\/p>\n<div class=\"item\"><!-- [et_pb_line_break_holder] -->    <a class=\"fancybox\" rel=\"mygallery\" href=\"https:\/\/crowntoursmendoza.com\/wp-content\/uploads\/2024\/08\/burbujas-tour-galeria-1.jpg\"><!-- [et_pb_line_break_holder] -->      <img decoding=\"async\" src=\"https:\/\/crowntoursmendoza.com\/wp-content\/uploads\/2024\/08\/burbujas-tour-galeria-1.jpg\" alt=\"Paseo en Globo Aerost\u00e1tico en Mendoza: Globo Aeroest\u00e1tico a punto de elevarse\"><!-- [et_pb_line_break_holder] -->    <\/a><!-- [et_pb_line_break_holder] -->  <\/div>\n<p><!-- [et_pb_line_break_holder] -->  <\/p>\n<div class=\"item\"><!-- [et_pb_line_break_holder] -->    <a class=\"fancybox\" rel=\"mygallery\" href=\"https:\/\/crowntoursmendoza.com\/wp-content\/uploads\/2024\/08\/burbujas-tour-galeria-2.jpg\"><!-- [et_pb_line_break_holder] -->      <img decoding=\"async\" src=\"https:\/\/crowntoursmendoza.com\/wp-content\/uploads\/2024\/08\/burbujas-tour-galeria-2.jpg\" alt=\"Paseo en Globo Aerost\u00e1tico en Mendoza: una copa de vino con monta\u00f1as de fondo\"><!-- [et_pb_line_break_holder] -->    <\/a><!-- [et_pb_line_break_holder] -->  <\/div>\n<p><!-- [et_pb_line_break_holder] -->  <\/p>\n<div class=\"item\"><!-- [et_pb_line_break_holder] -->    <a class=\"fancybox\" rel=\"mygallery\" href=\"https:\/\/crowntoursmendoza.com\/wp-content\/uploads\/2024\/08\/burbujas-tour-galeria-3.jpg\"><!-- [et_pb_line_break_holder] -->      <img decoding=\"async\" src=\"https:\/\/crowntoursmendoza.com\/wp-content\/uploads\/2024\/08\/burbujas-tour-galeria-3.jpg\" alt=\"Paseo en Globo Aerost\u00e1tico en Mendoza: un Globo Aeroest\u00e1tico volando sobre Mendoza\"><!-- [et_pb_line_break_holder] -->    <\/a><!-- [et_pb_line_break_holder] -->  <\/div>\n<p><!-- [et_pb_line_break_holder] -->  <\/p>\n<div class=\"item\"><!-- [et_pb_line_break_holder] -->    <a class=\"fancybox\" rel=\"mygallery\" href=\"https:\/\/crowntoursmendoza.com\/wp-content\/uploads\/2024\/08\/burbujas-tour-galeria-4.jpg\"><!-- [et_pb_line_break_holder] -->      <img decoding=\"async\" src=\"https:\/\/crowntoursmendoza.com\/wp-content\/uploads\/2024\/08\/burbujas-tour-galeria-4.jpg\" alt=\"Paseo en Globo Aerost\u00e1tico en Mendoza: gu\u00edas del tour preparando el Globo Aeroest\u00e1tico\"><!-- [et_pb_line_break_holder] -->    <\/a><!-- [et_pb_line_break_holder] -->  <\/div>\n<p><!-- [et_pb_line_break_holder] -->  <\/p>\n<div class=\"item\"><!-- [et_pb_line_break_holder] -->    <a class=\"fancybox\" rel=\"mygallery\" href=\"https:\/\/crowntoursmendoza.com\/wp-content\/uploads\/2024\/08\/burbujas-tour-galeria-5.jpg\"><!-- [et_pb_line_break_holder] -->      <img decoding=\"async\" src=\"https:\/\/crowntoursmendoza.com\/wp-content\/uploads\/2024\/08\/burbujas-tour-galeria-5.jpg\" alt=\"Paseo en Globo Aerost\u00e1tico en Mendoza: un Globo Aeroest\u00e1tico volando sobre Mendoza\"><!-- [et_pb_line_break_holder] -->    <\/a><!-- [et_pb_line_break_holder] -->  <\/div>\n<p><!-- [et_pb_line_break_holder] --><\/div>\n<p><!-- [et_pb_line_break_holder] --><!-- [et_pb_line_break_holder] --><!-- [et_pb_line_break_holder] --><!-- [et_pb_line_break_holder] --><!-- [et_pb_line_break_holder] --><script><!-- [et_pb_line_break_holder] --><!-- [et_pb_line_break_holder] -->jQuery(document).ready(function($) {<!-- [et_pb_line_break_holder] -->    $('.galeria').owlCarousel({<!-- [et_pb_line_break_holder] -->        loop: true,<!-- [et_pb_line_break_holder] -->        margin: 10,<!-- [et_pb_line_break_holder] -->        nav: true, \/\/ Mostrar las flechas de navegaci\u00f3n<!-- [et_pb_line_break_holder] -->        dots: false, \/\/ Ocultar los puntos de paginaci\u00f3n<!-- [et_pb_line_break_holder] -->        center: true, \/\/ Centrar el \u00edtem del carrusel<!-- [et_pb_line_break_holder] -->        responsive: {<!-- [et_pb_line_break_holder] -->            0: {<!-- [et_pb_line_break_holder] -->                items: 1 \/\/ 1 \u00edtem en mobile<!-- [et_pb_line_break_holder] -->            },<!-- [et_pb_line_break_holder] -->            600: {<!-- [et_pb_line_break_holder] -->                items: 2 \/\/ 2 \u00edtems en tablet<!-- [et_pb_line_break_holder] -->            },<!-- [et_pb_line_break_holder] -->            1000: {<!-- [et_pb_line_break_holder] -->                items: 3 \/\/ 3 \u00edtems en desktop<!-- [et_pb_line_break_holder] -->            }<!-- [et_pb_line_break_holder] -->        }<!-- [et_pb_line_break_holder] -->    });<!-- [et_pb_line_break_holder] -->});<!-- [et_pb_line_break_holder] --><!-- [et_pb_line_break_holder] --><!-- [et_pb_line_break_holder] -->  <!-- [et_pb_line_break_holder] --><\/script>[\/et_pb_code][\/et_pb_column][\/et_pb_row][\/et_pb_section][et_pb_section fb_built=\"1\u2033 _builder_version=\"4.27.0\u2033 _module_preset=\"default\" background_color=\"#E1DFD5\u2033 locked=\"off\" global_colors_info=\"{}\"][et_pb_row _builder_version=\"4.27.0\u2033 _module_preset=\"default\" width=\"90%\" width_tablet=\"90%\" width_phone=\"90%\" width_last_edited=\"on|tablet\" max_width=\"1500px\" global_colors_info=\"{}\"][et_pbb_column type=\"4_4\u2033 _builder_version=\"4.26.1\u2033 _module_preset=\"default\" global_colors_info=\"{}\"][et_pb_text _builder_version=\"4.27.0\u2033 _module_preset=\"default\" header_2_text_align=\"left\" header_2_text_color=\"#323234\u2033 header_2_font_size=\"32px\" header_2_line_height=\"40px\" max_width_tablet=\"\" max_width_phone=\"90%\" max_width_last_edited=\"on|phone\" custom_margin=\"|||30px||false|false|false|false\" custom_margin_tablet=\"|||10px|||false|false|false|false\" custom_margin_phone=\"|||10px|||false|false|false|false\" custom_margin_last_edited=\"on|phone\" header_2_text_align_tablet=\"left\" header_2_text_align_phone=\"center\" header_2_text_align_last_edited=\"on|phone\" header_2_font_size_tablet=\"30px\" header_2_font_size_phone=\"26px\" header_2_font_size_last_edited=\"on|tablet\" header_2_line_height_tablet=\"38px\" header_2_line_height_phone=\"34px\" header_2_line_height_last_edited=\"on|tablet\" module_alignment_tablet=\"\" module_alignment_phone=\"center\" module_alignment_last_edited=\"on|phone\" global_colors_info=\"{}\"]<\/p>\n<h2>Uma experi\u00eancia sensorial<\/h2>\n<p>[\/et_pb_text][et_pb_code _builder_version=\"4.27.4\u2033 _module_preset=\"default\" max_width=\"80%\" max_width_tablet=\"90%\" max_width_phone=\"100%\" max_width_last_edited=\"on|tablet\" module_alignment=\"center\" hover_enabled=\"0\u2033 global_colors_info=\"{}\" sticky_enabled=\"0\u2033]<\/p>\n<div class=\"tour__detalles__container\"><!-- [et_pb_line_break_holder] -->  <\/p>\n<div class=\"tour__item\"><!-- [et_pb_line_break_holder] -->    <\/p>\n<div class=\"tour__titulos\"><!-- [et_pb_line_break_holder] -->      <\/p>\n<div class=\"tour__titulo\"><!-- [et_pb_line_break_holder] -->        <img decoding=\"async\" src=\"https:\/\/crowntoursmendoza.com\/wp-content\/uploads\/2024\/08\/burbujas-tour-icono-4.svg\" width=\"100%\" height=\"100%\" alt=\"Paseo en Globo Aerost\u00e1tico en Mendoza: ilustraci\u00f3n barril de vino\" ><!-- [et_pb_line_break_holder] -->        <\/p>\n<h4><!-- [et_pb_line_break_holder] -->          VISITA \u00c0 VIN\u00cdCOLA<!-- [et_pb_line_break_holder] -->        <\/h4>\n<p><!-- [et_pb_line_break_holder] -->      <\/div>\n<p><!-- [et_pb_line_break_holder] -->      <\/p>\n<div class=\"tour__titulo\"><!-- [et_pb_line_break_holder] -->        <img decoding=\"async\" src=\"https:\/\/crowntoursmendoza.com\/wp-content\/uploads\/2024\/08\/burbujas-tour-icono-3.svg\" width=\"100%\" height=\"100%\" alt=\"Paseo en Globo Aerost\u00e1tico en Mendoza: ilustraci\u00f3n mano sosteniendo una bandeja de almuerzo\"><!-- [et_pb_line_break_holder] -->        <\/p>\n<h4><!-- [et_pb_line_break_holder] -->          ALMO\u00c7O EM UMA VIN\u00cdCOLA SELECIONADA<!-- [et_pb_line_break_holder] -->        <\/h4>\n<p><!-- [et_pb_line_break_holder] -->      <\/div>\n<p><!-- [et_pb_line_break_holder] -->      <\/p>\n<div class=\"tour__titulo\"><!-- [et_pb_line_break_holder] -->        <img decoding=\"async\" src=\"https:\/\/crowntoursmendoza.com\/wp-content\/uploads\/2024\/08\/burbujas-tour-icono-2.svg\" width=\"100%\" height=\"100%\" alt=\"Paseo en Globo Aerost\u00e1tico en Mendoza: ilustraci\u00f3n de globo aerost\u00e1tico\"><!-- [et_pb_line_break_holder] -->        <\/p>\n<h4><!-- [et_pb_line_break_holder] -->          VOO DE BAL\u00c3O DE AR QUENTE<!-- [et_pb_line_break_holder] -->        <\/h4>\n<p><!-- [et_pb_line_break_holder] -->      <\/div>\n<p><!-- [et_pb_line_break_holder] -->      <\/p>\n<div class=\"tour__titulo ultimo\"><!-- [et_pb_line_break_holder] -->        <img decoding=\"async\" src=\"https:\/\/crowntoursmendoza.com\/wp-content\/uploads\/2024\/08\/burbujas-tour-icono-1.svg\" width=\"100%\" height=\"100%\" alt=\"Paseo en Globo Aerost\u00e1tico en Mendoza: ilustraci\u00f3n de traffic para transporte de tour\"><!-- [et_pb_line_break_holder] -->        <\/p>\n<h4><!-- [et_pb_line_break_holder] -->          TRASLADOS DA CIDADE DE MENDOZA<!-- [et_pb_line_break_holder] -->        <\/h4>\n<p><!-- [et_pb_line_break_holder] -->      <\/div>\n<p><!-- [et_pb_line_break_holder] -->    <\/div>\n<p><!-- [et_pb_line_break_holder] -->    <\/p>\n<div class=\"tour__desc\"><!-- [et_pb_line_break_holder] -->    \t<pee><!-- [et_pb_line_break_holder] -->        Desfrutaremos de um almo\u00e7o de pasos, acompanhado de vinhos extraordin\u00e1rios, abrindo garrafas selecionadas que custam mais de cem d\u00f3lares. O dia culmina com uma emocionante decolagem de bal\u00e3o de ar quente ao p\u00f4r do sol, onde flutuaremos em meio aos sussurros da brisa, brindando enquanto o sol se p\u00f5e.<!-- [et_pb_line_break_holder] -->      <\/pee><!-- [et_pb_line_break_holder] -->    <\/div>\n<p><!-- [et_pb_line_break_holder] -->  <\/div>\n<p><!-- [et_pb_line_break_holder] -->  <!-- [et_pb_line_break_holder] --><\/div>\n<p>[\/et_pb_code][\/et_pb_column][\/et_pb_row][\/et_pb_section][et_pb_section fb_built=\"1\u2033 custom_padding_last_edited=\"on|phone\" _builder_version=\"4.27.0\u2033 _module_preset=\"default\" custom_padding_tablet=\"\" custom_padding_phone=\"30px|||30px|||true|false\" global_colors_info=\"{}\"][et_pb_row custom_padding_last_edited=\"on|desktop\" _builder_version=\"4.27.0\u2033 _module_preset=\"default\" width=\"95%\" width_tablet=\"560px\" width_phone=\"85%\" width_last_edited=\"on|phone\" custom_padding=\"|||20px|||false|false\" custom_padding_tablet=\"|||20px|||false|false|false\" custom_padding_phone=\"|||20px||||false|false|false\" global_colors_info=\"{}\"][et_pb_column type=\"4_4\u2033 _builder_version=\"4.27.0\u2033 _module_preset=\"default\" global_colors_info=\"{}\"][et_pb_text _builder_version=\"4.27.0\u2033 _module_preset=\"default\" header_2_text_align=\"center\" header_2_text_color=\"#4C2178\u2033 header_2_font_size=\"38px\" header_2_line_height=\"44px\" custom_margin=\"|||0px||false|false|false\" custom_margin_tablet=\"\" custom_margin_phone=\"|||0px||false|false|false|false\" custom_margin_last_edited=\"on|phone\" header_2_text_align_tablet=\"left\" header_2_text_align_phone=\"center\" header_2_text_align_last_edited=\"off|desktop\" header_2_font_size_tablet=\"30px\" header_2_font_size_phone=\"24px\" header_2_font_size_phone=\"24px\" header_2_font_size_last_edited=\"on|tablet\" header_2_line_height_tablet=\"38px\" header_2_line_height_phone=\"32px\" header_2_line_height_last_edited=\"on|tablet\" global_colors_info=\"{}\"]<\/p>\n<h2>VIVENCIAR A CULTURA ARGENTINA<\/h2>\n<p>[\/et_pb_text][\/et_pb_column][\/et_pb_row][et_pb_row _builder_version=\u00bb4.27.0\u2033 _module_preset=\"default\" background_color=\"#FFFFFFFF\" width_tablet=\"\" width_phone=\"85%\" width_last_edited=\"on|phone\" max_width=\"700px\" max_width_tablet=\"700px\" max_width_phone=\"700px\" max_width_last_edited=\"on|desktop\" custom_padding=\"20px|0px|0px|0px|0px|0px|0px|false|true\" border_width_all=\"2px\" border_color_all=\"#4C2178\u2033 global_colors_info=\"{}\"][et_pb_column type=\"4_4\u2033 _builder_version=\"4.27.0\u2033 _module_preset=\"default\" global_colors_info=\"{}\"][et_pb_text _builder_version=\"4.27.0\u2033 _module_preset=\"default\" text_text_color=\"#323234\u2033 text_font_size=\"16px\" text_orientation=\"center\" max_width=\"480px\" module_alignment=\"center\" custom_margin=\"|||20px|||false|false|false\" custom_padding_tablet=\"\" custom_padding_phone=\"|20px||||20px|false|true\" custom_padding_last_edited=\"on|phone\" text_font_size_tablet=\"16px\" text_font_size_phone=\"14px\" text_font_size_last_edited=\"on|phone\" text_line_height_tablet=\"\" text_line_height_phone=\"18px\" text_line_height_last_edited=\"on|phone\" global_colors_info=\"{}\"]<\/p>\n<p>N\u00e3o perca essa oportunidade \u00fanica de conhecer o melhor da regi\u00e3o e levar com voc\u00ea momentos cheios de tradi\u00e7\u00e3o e charme.<\/p>\n<p>[\/et_pb_text][et_pb_text _builder_version=\"4.27.4\u2033 _module_preset=\"default\" header_4_font=\"Gotham - Bold||||||||\" header_4_text_align=\"center\" header_4_text_color=\"#4C2178\u2033 header_4_font_size=\"40px\" header_4_line_height=\"46px\" background_color=\"#E1DFD5\u2033 custom_margin=\"|||0px||false|false|false\" custom_padding=\"10px|||0px|||false|false|false|false\" header_4_font_size_tablet=\"40px\" header_4_font_size_phone=\"32px\" header_4_font_size_last_edited=\"on|phone\" header_4_line_height_tablet=\"46px\" header_4_line_height_phone=\"38px\" header_4_line_height_last_edited=\"on|phone\" border_width_top=\"0px\" border_color_top=\"#4C2178\u2033 global_colors_info=\"{}\"]]<\/p>\n<h4>$ 550 usd<\/h4>\n<p>[\/et_pb_text][et_pb_text disabled_on=\"on|on|on\" _builder_version=\"4.27.4\u2033 _module_preset=\"default\" header_5_font=\"Gotham - Bold|700|||||||\" header_5_text_align=\"center\" header_5_text_color=\"#323234\u2033 header_5_font_size=\"22px\" header_5_line_height=\"26px\" background_color=\"#E1DFD5\u2033 custom_padding=\"|||20px|||false|false\" header_5_font_size_tablet=\"22px\" header_5_font_size_phone=\"18px\" header_5_font_size_last_edited=\"on|phone\" header_5_line_height_tablet=\"26px\" header_5_line_height_phone=\"22px\" header_5_line_height_last_edited=\"on|phone\" disabled=\"on\" global_colors_info=\"{}\"]]<\/p>\n<h5>Sem limite de passageiros<\/h5>\n<p>[\/et_pb_text][\/et_pb_column][\/et_pb_row][et_pb_row _builder_version=\u00bb4.27.0\u2033 _module_preset=\"default\" width=\"95%\" width_tablet=\"95%\" width_phone=\"85%\" width_last_edited=\"on|phone\" global_colors_info=\"{}\"][et_pb_column type=\"4_4\u2033 _builder_version=\"4.27.0\u2033 _module_preset=\"default\" global_colors_info=\"{}\"][et_pb_button button_text=\"BOOK\" button_alignment=\"center\" _builder_version=\"4.27.0\u2033 _module_preset=\"default\" custom_button=\"on\" button_text_size=\"18px\" button_text_color=\"#4C2178\u2033 button_bg_color=\"RGBA(255,255,255,0)\" button_border_color=\"#4C2178\u2033 button_border_radius=\"0px\" button_font=\"Gotham - Bold||||||||\" button_use_icon=\"off\" custom_padding=\"|30px||30px|true|true|true\" button_text_size_tablet=\"18px\" button_text_size_phone=\"16px\" button_text_size_last_edited=\"on|phone\" global_colors_info=\"{}\" button_text_color__hover=\"#FFFFFFFF\" button_text_color__hover=\"#FFFFFFFF\" button_text_color__hover_enabled=\"on|hover\" button_bg_color__hover=\"#4C2178\u2033 button_bg_color__hover_enabled=\"on|desktop\" button_custom_margin_tablet=\"30px||||false|false\" button_custom_margin_tablet=\"30px||||false|false\" button_custom_margin_phone=\"10px|||30px|||false|false|false\" button_custom_margin_last_edited=\"on|phone\" button_bg_enable_enable_color__hover=\"on\"][\/et_pb_button][\/et_pb_column][\/et_pb_row][\/et_pb_section]<\/p>","protected":false},"excerpt":{"rendered":"<p>Embarque em um dia m\u00e1gicoUm dia inteiro exclusivo e particular, que o levar\u00e1 a explorar tr\u00eas vin\u00edcolas premium, cada uma oferecendo um deleite \u00fanico para o seu paladar e esp\u00edrito. Descubra a paix\u00e3o e a dedica\u00e7\u00e3o por tr\u00e1s de cada ta\u00e7a. Desfrutaremos de um almo\u00e7o de passos, harmonizado com vinhos extraordin\u00e1rios, abrindo garrafas selecionadas que ultrapassam cem garrafas [...]<\/p>","protected":false},"author":1,"featured_media":1073,"parent":0,"menu_order":0,"comment_status":"closed","ping_status":"closed","template":"","meta":{"_et_pb_use_builder":"on","_et_pb_old_content":"","_et_gb_content_width":"","footnotes":""},"categories":[10],"tags":[],"class_list":["post-658","page","type-page","status-publish","has-post-thumbnail","hentry","category-tours-especiales"],"aioseo_notices":[],"_links":{"self":[{"href":"https:\/\/crowntoursmendoza.com\/pt\/wp-json\/wp\/v2\/pages\/658","targetHints":{"allow":["GET"]}}],"collection":[{"href":"https:\/\/crowntoursmendoza.com\/pt\/wp-json\/wp\/v2\/pages"}],"about":[{"href":"https:\/\/crowntoursmendoza.com\/pt\/wp-json\/wp\/v2\/types\/page"}],"author":[{"embeddable":true,"href":"https:\/\/crowntoursmendoza.com\/pt\/wp-json\/wp\/v2\/users\/1"}],"replies":[{"embeddable":true,"href":"https:\/\/crowntoursmendoza.com\/pt\/wp-json\/wp\/v2\/comments?post=658"}],"version-history":[{"count":0,"href":"https:\/\/crowntoursmendoza.com\/pt\/wp-json\/wp\/v2\/pages\/658\/revisions"}],"wp:featuredmedia":[{"embeddable":true,"href":"https:\/\/crowntoursmendoza.com\/pt\/wp-json\/wp\/v2\/media\/1073"}],"wp:attachment":[{"href":"https:\/\/crowntoursmendoza.com\/pt\/wp-json\/wp\/v2\/media?parent=658"}],"wp:term":[{"taxonomy":"category","embeddable":true,"href":"https:\/\/crowntoursmendoza.com\/pt\/wp-json\/wp\/v2\/categories?post=658"},{"taxonomy":"post_tag","embeddable":true,"href":"https:\/\/crowntoursmendoza.com\/pt\/wp-json\/wp\/v2\/tags?post=658"}],"curies":[{"name":"wp","href":"https:\/\/api.w.org\/{rel}","templated":true}]}}