{"id":921,"date":"2024-08-12T17:22:46","date_gmt":"2024-08-12T20:22:46","guid":{"rendered":"https:\/\/crowntoursmendoza.com\/?page_id=921"},"modified":"2025-07-10T15:08:14","modified_gmt":"2025-07-10T18:08:14","slug":"tours-a-medida-en-mendoza","status":"publish","type":"page","link":"https:\/\/crowntoursmendoza.com\/en\/tours-a-medida-en-mendoza\/","title":{"rendered":"Tailor Made Tours in Mendoza"},"content":{"rendered":"<p>[et_pb_section fb_built=\u00bb1&#8243; module_class=\u00bbhome__portada\u00bb _builder_version=\u00bb4.27.0&#8243; _module_preset=\u00bbdefault\u00bb background_image=\u00bbhttps:\/\/crowntoursmendoza.com\/wp-content\/uploads\/2024\/08\/crown-tours-mendoza-tours-a-medida-portada.jpg\u00bb background_position=\u00bbtop_center\u00bb height=\u00bb100vh\u00bb height_tablet=\u00bb80vh\u00bb height_phone=\u00bb60vh\u00bb height_last_edited=\u00bbon|phone\u00bb custom_padding=\u00bb0px||0px||true|false\u00bb custom_css_main_element=\u00bbdisplay: flex;||align-items: flex-end;\u00bb locked=\u00bboff\u00bb global_colors_info=\u00bb{}\u00bb][et_pb_row _builder_version=\u00bb4.27.0&#8243; _module_preset=\u00bbdefault\u00bb width=\u00bb90%\u00bb width_tablet=\u00bb90%\u00bb width_phone=\u00bb85%\u00bb width_last_edited=\u00bbon|tablet\u00bb max_width=\u00bb100%\u00bb custom_margin=\u00bb0px||120px||false|false\u00bb custom_margin_tablet=\u00bb0px||200px||false|false\u00bb custom_margin_phone=\u00bb0px||100px||false|false\u00bb custom_margin_last_edited=\u00bbon|phone\u00bb custom_padding=\u00bb0px||0px||true|false\u00bb global_colors_info=\u00bb{}\u00bb][et_pb_column type=\u00bb4_4&#8243; _builder_version=\u00bb4.27.0&#8243; _module_preset=\u00bbdefault\u00bb global_colors_info=\u00bb{}\u00bb][et_pb_text _builder_version=\u00bb4.27.4&#8243; _module_preset=\u00bbdefault\u00bb header_text_align=\u00bbcenter\u00bb header_text_color=\u00bb#FFFFFF\u00bb header_font_size=\u00bb42px\u00bb header_line_height=\u00bb48px\u00bb custom_margin=\u00bb||20px||false|false\u00bb custom_margin_tablet=\u00bb||20px||false|false\u00bb custom_margin_phone=\u00bb||10px||false|false\u00bb custom_margin_last_edited=\u00bbon|phone\u00bb hover_enabled=\u00bb0&#8243; header_font_size_tablet=\u00bb38px\u00bb header_font_size_phone=\u00bb30px\u00bb header_font_size_last_edited=\u00bbon|tablet\u00bb header_line_height_tablet=\u00bb44px\u00bb header_line_height_phone=\u00bb36px\u00bb header_line_height_last_edited=\u00bbon|tablet\u00bb global_colors_info=\u00bb{}\u00bb sticky_enabled=\u00bb0&#8243;]<\/p>\n<h1>Tailor Made Tours in Mendoza<\/h1>\n<p>[\/et_pb_text][et_pb_button button_url=\u00bbhttps:\/\/wa.link\/e8mefs\u00bb url_new_window=\u00bbon\u00bb button_text=\u00bbRESERVAR\u00bb button_alignment=\u00bbcenter\u00bb _builder_version=\u00bb4.27.0&#8243; _module_preset=\u00bbdefault\u00bb custom_button=\u00bbon\u00bb button_text_size=\u00bb18px\u00bb button_text_color=\u00bb#FFFFFF\u00bb button_bg_color=\u00bbRGBA(255,255,255,0)\u00bb button_border_color=\u00bb#FFFFFF\u00bb button_border_radius=\u00bb0px\u00bb button_font=\u00bbGotham &#8211; Bold||||||||\u00bb button_use_icon=\u00bboff\u00bb custom_padding=\u00bb|30px||30px|true|true\u00bb button_text_size_tablet=\u00bb18px\u00bb button_text_size_phone=\u00bb16px\u00bb button_text_size_last_edited=\u00bbon|phone\u00bb global_colors_info=\u00bb{}\u00bb button_text_color__hover=\u00bb#323234&#8243; button_text_color__hover_enabled=\u00bbon|hover\u00bb button_bg_color__hover=\u00bb#FFFFFF\u00bb button_bg_color__hover_enabled=\u00bbon|desktop\u00bb button_custom_margin_tablet=\u00bb30px||||false|false\u00bb button_custom_margin_phone=\u00bb10px||30px||false|false\u00bb button_custom_margin_last_edited=\u00bbon|phone\u00bb button_bg_enable_color__hover=\u00bbon\u00bb button_border_color__hover_enabled=\u00bbon|hover\u00bb button_border_color__hover=\u00bb#FFFFFF\u00bb][\/et_pb_button][\/et_pb_column][\/et_pb_row][\/et_pb_section][et_pb_section fb_built=\u00bb1&#8243; custom_padding_last_edited=\u00bbon|tablet\u00bb module_id=\u00bbtour-desc\u00bb module_class=\u00bbsection__overlay\u00bb _builder_version=\u00bb4.27.0&#8243; _module_preset=\u00bbdefault\u00bb background_enable_color=\u00bboff\u00bb background_image=\u00bbhttps:\/\/crowntoursmendoza.com\/wp-content\/uploads\/2024\/08\/crown-tours-mendoza-tours-a-medida-background.jpg\u00bb custom_padding=\u00bb130px||130px||false|false\u00bb custom_padding_tablet=\u00bb40px||100px||false|false\u00bb custom_padding_phone=\u00bb20px||60px||false|false\u00bb locked=\u00bboff\u00bb global_colors_info=\u00bb{}\u00bb][et_pb_row _builder_version=\u00bb4.27.0&#8243; _module_preset=\u00bbdefault\u00bb width_tablet=\u00bb90%\u00bb width_phone=\u00bb85%\u00bb width_last_edited=\u00bbon|tablet\u00bb global_colors_info=\u00bb{}\u00bb][et_pb_column type=\u00bb4_4&#8243; _builder_version=\u00bb4.26.1&#8243; _module_preset=\u00bbdefault\u00bb global_colors_info=\u00bb{}\u00bb][et_pb_text _builder_version=\u00bb4.27.0&#8243; _module_preset=\u00bbdefault\u00bb header_2_text_align=\u00bbcenter\u00bb header_2_text_color=\u00bb#E1DFD5&#8243; header_2_font_size=\u00bb38px\u00bb header_2_line_height=\u00bb44px\u00bb max_width=\u00bb690px\u00bb module_alignment=\u00bbcenter\u00bb custom_margin=\u00bb||20px||false|false\u00bb custom_margin_phone=\u00bb30px||10px||false|false\u00bb custom_margin_last_edited=\u00bboff|desktop\u00bb header_2_text_align_tablet=\u00bbcenter\u00bb header_2_text_align_phone=\u00bbcenter\u00bb header_2_text_align_last_edited=\u00bbon|phone\u00bb header_2_font_size_tablet=\u00bb30px\u00bb header_2_font_size_phone=\u00bb26px\u00bb header_2_font_size_last_edited=\u00bbon|tablet\u00bb header_2_line_height_tablet=\u00bb38px\u00bb header_2_line_height_phone=\u00bb34px\u00bb header_2_line_height_last_edited=\u00bbon|tablet\u00bb global_colors_info=\u00bb{}\u00bb]<\/p>\n<h2>Explore Mendoza at your own pace<\/h2>\n<p>[\/et_pb_text][et_pb_text _builder_version=\u00bb4.27.0&#8243; _module_preset=\u00bbdefault\u00bb text_font=\u00bb&#8211;et_global_body_font|500|||||||\u00bb text_text_color=\u00bb#E1DFD5&#8243; text_font_size=\u00bb20px\u00bb text_line_height=\u00bb28px\u00bb text_orientation=\u00bbcenter\u00bb max_width=\u00bb780px\u00bb max_width_tablet=\u00bb90%\u00bb max_width_phone=\u00bb100%\u00bb max_width_last_edited=\u00bbon|tablet\u00bb module_alignment=\u00bbcenter\u00bb text_font_size_tablet=\u00bb16px\u00bb text_font_size_phone=\u00bb14px\u00bb text_font_size_last_edited=\u00bbon|tablet\u00bb text_line_height_tablet=\u00bb24px\u00bb text_line_height_phone=\u00bb20px\u00bb text_line_height_last_edited=\u00bbon|tablet\u00bb text_orientation_phone=\u00bbcenter\u00bb text_orientation_last_edited=\u00bboff|desktop\u00bb global_colors_info=\u00bb{}\u00bb]<\/p>\n<p>At Crown Tours, we understand that each traveler is unique, with different interests, preferences and rhythms. That is why we offer tailor-made tours to discover Mendoza in a unique and personalized way, guaranteeing an unforgettable experience.<\/p>\n<p>[\/et_pb_text][\/et_pb_column][\/et_pb_row][\/et_pb_section][et_pb_section fb_built=\u00bb1&#8243; module_id=\u00bbitinerario\u00bb _builder_version=\u00bb4.27.0&#8243; _module_preset=\u00bbdefault\u00bb background_color=\u00bb#E1DFD5&#8243; locked=\u00bboff\u00bb global_colors_info=\u00bb{}\u00bb][et_pb_row _builder_version=\u00bb4.27.0&#8243; _module_preset=\u00bbdefault\u00bb width_tablet=\u00bb90%\u00bb width_phone=\u00bb85%\u00bb width_last_edited=\u00bbon|tablet\u00bb max_width=\u00bb1500px\u00bb global_colors_info=\u00bb{}\u00bb][et_pb_column type=\u00bb4_4&#8243; _builder_version=\u00bb4.26.1&#8243; _module_preset=\u00bbdefault\u00bb global_colors_info=\u00bb{}\u00bb][et_pb_text _builder_version=\u00bb4.27.0&#8243; _module_preset=\u00bbdefault\u00bb header_2_text_align=\u00bbleft\u00bb header_2_text_color=\u00bb#323234&#8243; header_2_font_size=\u00bb32px\u00bb header_2_line_height=\u00bb40px\u00bb custom_margin=\u00bb||10px||false|false\u00bb custom_margin_tablet=\u00bb\u00bb custom_margin_phone=\u00bb||10px||false|false\u00bb custom_margin_last_edited=\u00bbon|phone\u00bb header_2_text_align_tablet=\u00bbleft\u00bb header_2_text_align_phone=\u00bbcenter\u00bb header_2_text_align_last_edited=\u00bbon|phone\u00bb header_2_font_size_tablet=\u00bb30px\u00bb header_2_font_size_phone=\u00bb26px\u00bb header_2_font_size_last_edited=\u00bbon|tablet\u00bb header_2_line_height_tablet=\u00bb38px\u00bb header_2_line_height_phone=\u00bb34px\u00bb header_2_line_height_last_edited=\u00bbon|tablet\u00bb global_colors_info=\u00bb{}\u00bb]<\/p>\n<h2>What do we offer?<\/h2>\n<p>[\/et_pb_text][et_pb_text _builder_version=\"4.27.0\u2033 _module_preset=\"default\" text_font=\"-et_global_body_font|500|||||||\" text_text_color=\"#323234\u2033 text_font_size=\"18px\" text_line_height=\"26px\" max_width=\"550px\" max_width_tablet=\"90%\" max_width_phone=\"100%\" max_width_last_edited=\"on|tablet\" module_alignment=\"left\" custom_margin=\"|||20px||false|false\" text_font_size_tablet=\"16px\" text_font_size_phone=\"14px\" text_font_size_last_edited=\"on|tablet\" text_line_height_tablet=\"24px\" text_line_height_phone=\"20px\" text_line_height_last_edited=\"on|tablet\" text_orientation_tablet=\"\" text_orientation_phone=\"center\" text_orientation_last_edited=\"on|phone\" global_colors_info=\"{}\"]<\/p>\n<p>Tailor-made tours designed specifically for you to live a completely personalized experience.<\/p>\n<p>[\/et_pb_text][et_pb_accordion open_toggle_text_color=\u00bb#4C2178&#8243; open_toggle_background_color=\u00bbRGBA(255,255,255,0)\u00bb closed_toggle_background_color=\u00bbRGBA(255,255,255,0)\u00bb toggle_icon=\u00bb&#xf067;||fa||900&#8243; icon_color=\u00bb#4C2178&#8243; use_icon_font_size=\u00bbon\u00bb icon_font_size=\u00bb12px\u00bb module_class=\u00bbtour__itinerario\u00bb _builder_version=\u00bb4.27.4&#8243; _module_preset=\u00bbdefault\u00bb toggle_text_color=\u00bb#4C2178&#8243; toggle_font=\u00bbGotham &#8211; Bold|700|||||||\u00bb toggle_font_size=\u00bb20px\u00bb toggle_line_height=\u00bb26px\u00bb body_font=\u00bb&#8211;et_global_body_font||||||||\u00bb body_text_color=\u00bb#4C2178&#8243; body_line_height=\u00bb22px\u00bb background_color=\u00bbRGBA(255,255,255,0)\u00bb custom_padding=\u00bb|||0px|false|false\u00bb hover_enabled=\u00bb0&#8243; toggle_font_size_tablet=\u00bb20px\u00bb toggle_font_size_phone=\u00bb18px\u00bb toggle_font_size_last_edited=\u00bbon|phone\u00bb toggle_line_height_tablet=\u00bb26px\u00bb toggle_line_height_phone=\u00bb24px\u00bb toggle_line_height_last_edited=\u00bbon|phone\u00bb body_font_size_tablet=\u00bb\u00bb body_font_size_phone=\u00bb14px\u00bb body_font_size_last_edited=\u00bbon|phone\u00bb custom_css_toggle=\u00bbpadding-left: 0;||padding-right: 0;||padding-bottom: 15px;\u00bb custom_css_toggle_content=\u00bbpadding-left: 40px!important;||padding-right: 40px!important;\u00bb border_width_all=\u00bb0px\u00bb border_width_bottom=\u00bb1px\u00bb border_color_bottom=\u00bb#4C2178&#8243; global_colors_info=\u00bb{}\u00bb custom_css_toggle_content_last_edited=\u00bbon|phone\u00bb custom_css_toggle_content_phone=\u00bbpadding-left: 20px!important;||padding-right: 20px!important;\u00bb custom_css_toggle_content_tablet=\u00bbpadding-left: 40px!important;||padding-right: 40px!important;\u00bb sticky_enabled=\u00bb0&#8243;][et_pb_accordion_item title=\u00bbDISPLAY: NONE;\u00bb open=\u00bbon\u00bb _builder_version=\u00bb4.27.0&#8243; _module_preset=\u00bbdefault\u00bb custom_css_main_element=\u00bbdisplay: none;\u00bb global_colors_info=\u00bb{}\u00bb]<\/p>\n<p>Your content goes here. Edit or remove this text inline or in the module Content settings. You can also style every aspect of this content in the module Design settings and even apply custom CSS to this text in the module Advanced settings.<\/p>\n<p>[\/et_pb_accordion_item][et_pb_accordion_item title=\u00bb1. Planificaci\u00f3n Personalizada\u00bb _builder_version=\u00bb4.27.0&#8243; _module_preset=\u00bbdefault\u00bb global_colors_info=\u00bb{}\u00bb open=\u00bboff\u00bb]<\/p>\n<p>Our experts will work with you to create an itinerary that suits your tastes and needs. From visits to exclusive wineries, to mountain adventures or cultural explorations, you decide what you want to see and do.<\/p>\n<p>[\/et_pb_accordion_item][et_pb_accordion_item title=\u00bb2. Gu\u00edas Privados\u00bb _builder_version=\u00bb4.27.0&#8243; _module_preset=\u00bbdefault\u00bb global_colors_info=\u00bb{}\u00bb open=\u00bboff\u00bb]<\/p>\n<p>Enjoy the company of expert local guides who will offer you an authentic and in-depth perspective of each destination. They will accompany you throughout the tour, making sure you get the most out of each experience.<\/p>\n<p>[\/et_pb_accordion_item][et_pb_accordion_item title=\u00bb3. Transporte de Lujo\u00bb _builder_version=\u00bb4.27.0&#8243; _module_preset=\u00bbdefault\u00bb global_colors_info=\u00bb{}\u00bb open=\u00bboff\u00bb]Viaja con comodidad y estilo en veh\u00edculos privados equipados con todas las comodidades necesarias para que tu viaje sea placentero y relajante. Ya sea que necesites un traslado desde el aeropuerto, una excursi\u00f3n de un d\u00eda o un recorrido m\u00e1s largo, te aseguramos el transporte adecuado.[\/et_pb_accordion_item][et_pb_accordion_item title=\u00bb4. Actividades Exclusivas\u00bb _builder_version=\u00bb4.27.0&#8243; _module_preset=\u00bbdefault\u00bb global_colors_info=\u00bb{}\u00bb open=\u00bboff\u00bb]Accede a experiencias \u00fanicas y exclusivas, como catas de vinos con en\u00f3logos reconocidos, cenas privadas en lugares ic\u00f3nicos, paseos en globo aerost\u00e1tico, y mucho m\u00e1s. Creamos momentos inolvidables, dise\u00f1ados especialmente para ti.[\/et_pb_accordion_item][\/et_pb_accordion][\/et_pb_column][\/et_pb_row][\/et_pb_section][et_pb_section fb_built=\u00bb1&#8243; custom_padding_last_edited=\u00bbon|phone\u00bb _builder_version=\u00bb4.27.0&#8243; _module_preset=\u00bbdefault\u00bb custom_padding=\u00bb70px|||||\u00bb custom_padding_tablet=\u00bb\u00bb custom_padding_phone=\u00bb30px||30px||true|false\u00bb global_colors_info=\u00bb{}\u00bb][et_pb_row custom_padding_last_edited=\u00bbon|desktop\u00bb _builder_version=\u00bb4.27.0&#8243; _module_preset=\u00bbdefault\u00bb width=\u00bb95%\u00bb width_tablet=\u00bb560px\u00bb width_phone=\u00bb85%\u00bb width_last_edited=\u00bbon|phone\u00bb custom_padding=\u00bb||20px||false|false\u00bb custom_padding_tablet=\u00bb||20px||false|false\u00bb custom_padding_phone=\u00bb||20px||false|false\u00bb global_colors_info=\u00bb{}\u00bb][et_pb_column type=\u00bb4_4&#8243; _builder_version=\u00bb4.27.0&#8243; _module_preset=\u00bbdefault\u00bb global_colors_info=\u00bb{}\u00bb][et_pb_text _builder_version=\u00bb4.27.0&#8243; _module_preset=\u00bbdefault\u00bb header_2_text_align=\u00bbcenter\u00bb header_2_text_color=\u00bb#4C2178&#8243; header_2_font_size=\u00bb38px\u00bb header_2_line_height=\u00bb44px\u00bb custom_margin=\u00bb||0px||false|false\u00bb custom_margin_tablet=\u00bb\u00bb custom_margin_phone=\u00bb||0px||false|false\u00bb custom_margin_last_edited=\u00bbon|phone\u00bb header_2_text_align_tablet=\u00bbleft\u00bb header_2_text_align_phone=\u00bbcenter\u00bb header_2_text_align_last_edited=\u00bboff|desktop\u00bb header_2_font_size_tablet=\u00bb30px\u00bb header_2_font_size_phone=\u00bb24px\u00bb header_2_font_size_last_edited=\u00bbon|tablet\u00bb header_2_line_height_tablet=\u00bb38px\u00bb header_2_line_height_phone=\u00bb32px\u00bb header_2_line_height_last_edited=\u00bbon|tablet\u00bb global_colors_info=\u00bb{}\u00bb]<\/p>\n<h2>Ready to plan your next tailor-made trip?<\/h2>\n<p>[\/et_pb_text][\/et_pb_column][\/et_pb_row][et_pb_row _builder_version=\u00bb4.27.0&#8243; _module_preset=\u00bbdefault\u00bb background_color=\u00bbRGBA(255,255,255,0)\u00bb width_tablet=\u00bb\u00bb width_phone=\u00bb85%\u00bb width_last_edited=\u00bbon|phone\u00bb max_width=\u00bb700px\u00bb max_width_tablet=\u00bb700px\u00bb max_width_phone=\u00bb700px\u00bb max_width_last_edited=\u00bbon|desktop\u00bb custom_padding=\u00bb30px|0px|30px|0px|true|true\u00bb border_width_all=\u00bb2px\u00bb border_color_all=\u00bb#4C2178&#8243; global_colors_info=\u00bb{}\u00bb][et_pb_column type=\u00bb4_4&#8243; _builder_version=\u00bb4.27.0&#8243; _module_preset=\u00bbdefault\u00bb global_colors_info=\u00bb{}\u00bb][et_pb_image src=\u00bbhttps:\/\/crowntoursmendoza.com\/wp-content\/uploads\/2024\/08\/tours-a-medida-svg.svg\u00bb title_text=\u00bbtours-a-medida-svg\u00bb _builder_version=\u00bb4.27.4&#8243; _module_preset=\u00bbdefault\u00bb max_width=\u00bb260px\u00bb max_width_tablet=\u00bb240px\u00bb max_width_phone=\u00bb200px\u00bb max_width_last_edited=\u00bbon|phone\u00bb module_alignment=\u00bbcenter\u00bb custom_margin_tablet=\u00bb\u00bb custom_margin_phone=\u00bb||20px||false|false\u00bb custom_margin_last_edited=\u00bbon|phone\u00bb hover_enabled=\u00bb0&#8243; global_colors_info=\u00bb{}\u00bb alt=\u00bbTours a medida en Mendoza: ilustraci\u00f3n de mapa con checkpoints del tour a medida\u00bb sticky_enabled=\u00bb0&#8243;][\/et_pb_image][et_pb_text _builder_version=\u00bb4.27.0&#8243; _module_preset=\u00bbdefault\u00bb text_text_color=\u00bb#323234&#8243; text_font_size=\u00bb16px\u00bb text_orientation=\u00bbcenter\u00bb max_width=\u00bb480px\u00bb max_width_tablet=\u00bb480px\u00bb max_width_phone=\u00bb90%\u00bb max_width_last_edited=\u00bbon|phone\u00bb module_alignment=\u00bbcenter\u00bb custom_margin=\u00bb||0px||false|false\u00bb custom_padding=\u00bb||0px||false|false\u00bb custom_padding_tablet=\u00bb\u00bb custom_padding_phone=\u00bb|20px||20px|false|true\u00bb custom_padding_last_edited=\u00bbon|phone\u00bb text_font_size_tablet=\u00bb16px\u00bb text_font_size_phone=\u00bb14px\u00bb text_font_size_last_edited=\u00bbon|phone\u00bb text_line_height_tablet=\u00bb\u00bb text_line_height_phone=\u00bb18px\u00bb text_line_height_last_edited=\u00bbon|phone\u00bb border_color_bottom=\u00bb#4C2178&#8243; global_colors_info=\u00bb{}\u00bb]<\/p>\n<p>Contact our specialists and start designing the experience of your dreams in Argentina, we look forward to helping you create unforgettable memories!<\/p>\n<p>[\/et_pb_text][\/et_pb_column][\/et_pb_row][et_pb_row _builder_version=\u00bb4.27.0&#8243; _module_preset=\u00bbdefault\u00bb global_colors_info=\u00bb{}\u00bb][et_pb_column type=\u00bb4_4&#8243; _builder_version=\u00bb4.27.0&#8243; _module_preset=\u00bbdefault\u00bb global_colors_info=\u00bb{}\u00bb][et_pb_button button_url=\u00bbhttps:\/\/wa.link\/e8mefs\u00bb url_new_window=\u00bbon\u00bb button_text=\u00bbPLANIFICAR VIAJE\u00bb button_alignment=\u00bbcenter\u00bb _builder_version=\u00bb4.27.0&#8243; _module_preset=\u00bbdefault\u00bb custom_button=\u00bbon\u00bb button_text_size=\u00bb18px\u00bb button_text_color=\u00bb#4C2178&#8243; button_bg_color=\u00bbRGBA(255,255,255,0)\u00bb button_border_color=\u00bb#4C2178&#8243; button_border_radius=\u00bb0px\u00bb button_font=\u00bbGotham &#8211; Bold||||||||\u00bb button_use_icon=\u00bboff\u00bb custom_padding=\u00bb|30px||30px|true|true\u00bb button_text_size_tablet=\u00bb18px\u00bb button_text_size_phone=\u00bb16px\u00bb button_text_size_last_edited=\u00bbon|phone\u00bb global_colors_info=\u00bb{}\u00bb button_text_color__hover=\u00bb#FFFFFF\u00bb button_text_color__hover_enabled=\u00bbon|hover\u00bb button_bg_color__hover=\u00bb#4C2178&#8243; button_bg_color__hover_enabled=\u00bbon|desktop\u00bb button_custom_margin_tablet=\u00bb30px||||false|false\u00bb button_custom_margin_phone=\u00bb10px||30px||false|false\u00bb button_custom_margin_last_edited=\u00bbon|phone\u00bb button_bg_enable_color__hover=\u00bbon\u00bb][\/et_pb_button][\/et_pb_column][\/et_pb_row][\/et_pb_section]<\/p>","protected":false},"excerpt":{"rendered":"<p>Tours a Medida en MendozaExplora Mendoza a tu ritmoEn Crown Tours, entendemos que cada viajero es \u00fanico, con intereses, preferencias y ritmos distintos. Por eso, ofrecemos tours a medida para descubrir Mendoza de una forma \u00fanica y personalizada, garantizando una experiencia inolvidable.\u00bfQu\u00e9 ofrecemos?Tour a medida dise\u00f1ados espec\u00edficamente para que vivas una experiencia completamente personalizada.Your content [&hellip;]<\/p>","protected":false},"author":1,"featured_media":925,"parent":0,"menu_order":0,"comment_status":"closed","ping_status":"closed","template":"","meta":{"_et_pb_use_builder":"on","_et_pb_old_content":"","_et_gb_content_width":"","footnotes":""},"categories":[12],"tags":[],"class_list":["post-921","page","type-page","status-publish","has-post-thumbnail","hentry","category-tour-a-medida"],"aioseo_notices":[],"_links":{"self":[{"href":"https:\/\/crowntoursmendoza.com\/en\/wp-json\/wp\/v2\/pages\/921","targetHints":{"allow":["GET"]}}],"collection":[{"href":"https:\/\/crowntoursmendoza.com\/en\/wp-json\/wp\/v2\/pages"}],"about":[{"href":"https:\/\/crowntoursmendoza.com\/en\/wp-json\/wp\/v2\/types\/page"}],"author":[{"embeddable":true,"href":"https:\/\/crowntoursmendoza.com\/en\/wp-json\/wp\/v2\/users\/1"}],"replies":[{"embeddable":true,"href":"https:\/\/crowntoursmendoza.com\/en\/wp-json\/wp\/v2\/comments?post=921"}],"version-history":[{"count":0,"href":"https:\/\/crowntoursmendoza.com\/en\/wp-json\/wp\/v2\/pages\/921\/revisions"}],"wp:featuredmedia":[{"embeddable":true,"href":"https:\/\/crowntoursmendoza.com\/en\/wp-json\/wp\/v2\/media\/925"}],"wp:attachment":[{"href":"https:\/\/crowntoursmendoza.com\/en\/wp-json\/wp\/v2\/media?parent=921"}],"wp:term":[{"taxonomy":"category","embeddable":true,"href":"https:\/\/crowntoursmendoza.com\/en\/wp-json\/wp\/v2\/categories?post=921"},{"taxonomy":"post_tag","embeddable":true,"href":"https:\/\/crowntoursmendoza.com\/en\/wp-json\/wp\/v2\/tags?post=921"}],"curies":[{"name":"wp","href":"https:\/\/api.w.org\/{rel}","templated":true}]}}