{"id":902,"date":"2024-08-12T15:39:53","date_gmt":"2024-08-12T18:39:53","guid":{"rendered":"https:\/\/crowntoursmendoza.com\/?page_id=902"},"modified":"2025-07-10T10:53:38","modified_gmt":"2025-07-10T13:53:38","slug":"eventos-empresariales-en-mendoza","status":"publish","type":"page","link":"https:\/\/crowntoursmendoza.com\/en\/eventos-empresariales-en-mendoza\/","title":{"rendered":"Corporate Events in Mendoza"},"content":{"rendered":"[et_pb_section fb_built=\u00bb1\u2033 module_class=\u00bbhome__portada\u00bb _builder_version=\u00bb4.27.0\u2033 _module_preset=\u00bbdefault\u00bb background_image=\u00bbhttps:\/\/crowntoursmendoza.com\/wp-content\/uploads\/2024\/08\/crown-tours-mendoza-empresariales-portada.jpg\u00bb background_position=\u00bbtop_center\u00bb height=\u00bb100vh\u00bb height_tablet=\u00bb80vh\u00bb height_phone=\u00bb60vh\u00bb height_last_edited=\u00bbon|phone\u00bb custom_padding=\u00bb0px||0px||true|false\u00bb custom_css_main_element=\u00bbdisplay: flex;||align-items: flex-end;\u00bb locked=\u00bboff\u00bb global_colors_info=\u00bb{}\u00bb][et_pb_row _builder_version=\u00bb4.27.0\u2033 _module_preset=\u00bbdefault\u00bb width=\u00bb90%\u00bb width_tablet=\u00bb90%\u00bb width_phone=\u00bb85%\u00bb width_last_edited=\u00bbon|tablet\u00bb max_width=\u00bb100%\u00bb custom_margin=\u00bb0px||120px||false|false\u00bb custom_margin_tablet=\u00bb0px||200px||false|false\u00bb custom_margin_phone=\u00bb0px||100px||false|false\u00bb custom_margin_last_edited=\u00bbon|phone\u00bb custom_padding=\u00bb0px||0px||true|false\u00bb global_colors_info=\u00bb{}\u00bb][et_pb_column type=\u00bb4_4\u2033 _builder_version=\u00bb4.27.0\u2033 _module_preset=\u00bbdefault\u00bb global_colors_info=\u00bb{}\u00bb][et_pb_text _builder_version=\u00bb4.27.0\u2033 _module_preset=\u00bbdefault\u00bb header_text_align=\u00bbcenter\u00bb header_text_color=\u00bb#FFFFFF\u00bb header_font_size=\u00bb42px\u00bb header_line_height=\u00bb48px\u00bb custom_margin=\u00bb||20px||false|false\u00bb custom_margin_tablet=\u00bb||20px||false|false\u00bb custom_margin_phone=\u00bb||10px||false|false\u00bb custom_margin_last_edited=\u00bbon|phone\u00bb header_font_size_tablet=\u00bb38px\u00bb header_font_size_phone=\u00bb30px\u00bb header_font_size_last_edited=\u00bbon|tablet\u00bb header_line_height_tablet=\u00bb44px\u00bb header_line_height_phone=\u00bb36px\u00bb header_line_height_last_edited=\u00bbon|tablet\u00bb global_colors_info=\u00bb{}\u00bb]<h1>Corporate events in Mendoza<\/h1>[\/et_pb_text][et_pb_button button_url=\u00bbhttps:\/\/wa.link\/e8mefs\u00bb url_new_window=\u00bbon\u00bb button_text=\u00bbRESERVAR\u00bb button_alignment=\u00bbcenter\u00bb _builder_version=\u00bb4.27.0\u2033 _module_preset=\u00bbdefault\u00bb custom_button=\u00bbon\u00bb button_text_size=\u00bb18px\u00bb button_text_color=\u00bb#FFFFFF\u00bb button_bg_color=\u00bbRGBA(255,255,255,0)\u00bb button_border_color=\u00bb#FFFFFF\u00bb button_border_radius=\u00bb0px\u00bb button_font=\u00bbGotham \u2013 Bold||||||||\u00bb button_use_icon=\u00bboff\u00bb custom_padding=\u00bb|30px||30px|true|true\u00bb button_text_size_tablet=\u00bb18px\u00bb button_text_size_phone=\u00bb16px\u00bb button_text_size_last_edited=\u00bbon|phone\u00bb global_colors_info=\u00bb{}\u00bb button_text_color__hover=\u00bb#323234\u2033 button_text_color__hover_enabled=\u00bbon|hover\u00bb button_bg_color__hover=\u00bb#FFFFFF\u00bb button_bg_color__hover_enabled=\u00bbon|desktop\u00bb button_custom_margin_tablet=\u00bb30px||||false|false\u00bb button_custom_margin_phone=\u00bb10px||30px||false|false\u00bb button_custom_margin_last_edited=\u00bbon|phone\u00bb button_bg_enable_color__hover=\u00bbon\u00bb button_border_color__hover_enabled=\u00bbon|hover\u00bb button_border_color__hover=\u00bb#FFFFFF\u00bb][\/et_pb_button][\/et_pb_column][\/et_pb_row][\/et_pb_section][et_pb_section fb_built=\u00bb1\u2033 custom_padding_last_edited=\u00bbon|tablet\u00bb module_id=\u00bbtour-desc\u00bb module_class=\u00bbsection__overlay\u00bb _builder_version=\u00bb4.27.0\u2033 _module_preset=\u00bbdefault\u00bb background_enable_color=\u00bboff\u00bb background_image=\u00bbhttps:\/\/crowntoursmendoza.com\/wp-content\/uploads\/2024\/08\/crown-tours-mendoza-casamientos-background.jpg\u00bb background_position=\u00bbtop_center\u00bb background_vertical_offset=\u00bb0%\u00bb custom_padding=\u00bb130px||130px||false|false\u00bb custom_padding_tablet=\u00bb40px||100px||false|false\u00bb custom_padding_phone=\u00bb20px||60px||false|false\u00bb locked=\u00bboff\u00bb global_colors_info=\u00bb{}\u00bb][et_pb_row _builder_version=\u00bb4.27.0\u2033 _module_preset=\u00bbdefault\u00bb width_tablet=\u00bb90%\u00bb width_phone=\u00bb85%\u00bb width_last_edited=\u00bbon|tablet\u00bb global_colors_info=\u00bb{}\u00bb][et_pb_column type=\u00bb4_4\u2033 _builder_version=\u00bb4.26.1\u2033 _module_preset=\u00bbdefault\u00bb global_colors_info=\u00bb{}\u00bb][et_pb_text _builder_version=\u00bb4.27.0\u2033 _module_preset=\u00bbdefault\u00bb header_2_text_align=\u00bbcenter\u00bb header_2_text_color=\u00bb#E1DFD5\u2033 header_2_font_size=\u00bb38px\u00bb header_2_line_height=\u00bb44px\u00bb max_width=\u00bb690px\u00bb module_alignment=\u00bbcenter\u00bb custom_margin=\u00bb||20px||false|false\u00bb custom_margin_phone=\u00bb30px||10px||false|false\u00bb custom_margin_last_edited=\u00bboff|desktop\u00bb header_2_text_align_tablet=\u00bbcenter\u00bb header_2_text_align_phone=\u00bbcenter\u00bb header_2_text_align_last_edited=\u00bbon|phone\u00bb header_2_font_size_tablet=\u00bb30px\u00bb header_2_font_size_phone=\u00bb26px\u00bb header_2_font_size_last_edited=\u00bbon|tablet\u00bb header_2_line_height_tablet=\u00bb38px\u00bb header_2_line_height_phone=\u00bb34px\u00bb header_2_line_height_last_edited=\u00bbon|tablet\u00bb global_colors_info=\u00bb{}\u00bb]<h2>Customized services<\/h2>[\/et_pb_text][et_pb_text _builder_version=\u00bb4.27.0\u2033 _module_preset=\u00bbdefault\u00bb text_font=\u00bb\u2013et_global_body_font|500|||||||\u00bb text_text_color=\u00bb#E1DFD5\u2033 text_font_size=\u00bb20px\u00bb text_line_height=\u00bb28px\u00bb text_orientation=\u00bbcenter\u00bb max_width=\u00bb780px\u00bb max_width_tablet=\u00bb90%\u00bb max_width_phone=\u00bb100%\u00bb max_width_last_edited=\u00bbon|tablet\u00bb module_alignment=\u00bbcenter\u00bb text_font_size_tablet=\u00bb16px\u00bb text_font_size_phone=\u00bb14px\u00bb text_font_size_last_edited=\u00bbon|tablet\u00bb text_line_height_tablet=\u00bb24px\u00bb text_line_height_phone=\u00bb20px\u00bb text_line_height_last_edited=\u00bbon|tablet\u00bb text_orientation_phone=\u00bbcenter\u00bb text_orientation_last_edited=\u00bboff|desktop\u00bb global_colors_info=\u00bb{}\u00bb]<p>Looking for a unique and memorable place to celebrate your corporate event? Mendoza's vineyards offer the perfect setting for any occasion. With its breathtaking scenery and the elegance of its wineries, it is the ideal place to surprise your guests and create unforgettable memories.<\/p>[\/et_pb_text][\/et_pb_column][\/et_pb_row][\/et_pb_section][et_pb_section fb_built=\u00bb1\u2033 _builder_version=\u00bb4.27.0\u2033 _module_preset=\u00bbdefault\u00bb background_color=\u00bb#E1DFD5\u2033 locked=\u00bboff\u00bb global_colors_info=\u00bb{}\u00bb][et_pb_row _builder_version=\u00bb4.27.0\u2033 _module_preset=\u00bbdefault\u00bb width=\u00bb90%\u00bb width_tablet=\u00bb90%\u00bb width_phone=\u00bb90%\u00bb width_last_edited=\u00bbon|tablet\u00bb max_width=\u00bb1500px\u00bb global_colors_info=\u00bb{}\u00bb][et_pb_column type=\u00bb4_4\u2033 _builder_version=\u00bb4.26.1\u2033 _module_preset=\u00bbdefault\u00bb global_colors_info=\u00bb{}\u00bb][et_pb_text _builder_version=\u00bb4.27.0\u2033 _module_preset=\u00bbdefault\u00bb header_2_text_align=\u00bbleft\u00bb header_2_text_color=\u00bb#323234\u2033 header_2_font_size=\u00bb32px\u00bb header_2_line_height=\u00bb40px\u00bb max_width_tablet=\u00bb\u00bb max_width_phone=\u00bb100%\u00bb max_width_last_edited=\u00bbon|phone\u00bb custom_margin=\u00bb||30px||false|false\u00bb custom_margin_tablet=\u00bb||10px||false|false\u00bb custom_margin_phone=\u00bb||10px||false|false\u00bb custom_margin_last_edited=\u00bbon|phone\u00bb header_2_text_align_tablet=\u00bbleft\u00bb header_2_text_align_phone=\u00bbcenter\u00bb header_2_text_align_last_edited=\u00bbon|phone\u00bb header_2_font_size_tablet=\u00bb30px\u00bb header_2_font_size_phone=\u00bb24px\u00bb header_2_font_size_last_edited=\u00bbon|tablet\u00bb header_2_line_height_tablet=\u00bb38px\u00bb header_2_line_height_phone=\u00bb32px\u00bb header_2_line_height_last_edited=\u00bbon|tablet\u00bb module_alignment_tablet=\u00bb\u00bb module_alignment_phone=\u00bbcenter\u00bb module_alignment_last_edited=\u00bbon|phone\u00bb global_colors_info=\u00bb{}\u00bb]<h2>Customized Services for your Event<\/h2>[\/et_pb_text][et_pb_code _builder_version=\u00bb4.27.4\u2033 _module_preset=\u00bbdefault\u00bb max_width=\u00bb80%\u00bb max_width_tablet=\u00bb90%\u00bb max_width_phone=\u00bb100%\u00bb max_width_last_edited=\u00bbon|tablet\u00bb module_alignment=\u00bbcenter\u00bb hover_enabled=\u00bb0\u2033 global_colors_info=\u00bb{}\u00bb sticky_enabled=\u00bb0\u2033]<div class=\"tour__detalles__container\"><!-- [et_pb_line_break_holder] -->  <div class=\"tour__item\"><!-- [et_pb_line_break_holder] -->    <div class=\"tour__titulos\"><!-- [et_pb_line_break_holder] -->      <div class=\"tour__titulo\"><!-- [et_pb_line_break_holder] -->        <img decoding=\"async\" src=\"https:\/\/crowntoursmendoza.com\/wp-content\/uploads\/2024\/08\/burbujas-tour-icono-4.svg\" width=\"100%\" height=\"100%\" alt=\"Eventos empresariales en Mendoza: ilustraci\u00f3n de un barril de vino\"><!-- [et_pb_line_break_holder] -->        <h4><!-- [et_pb_line_break_holder] -->          RENTAL OF SPACES<!-- [et_pb_line_break_holder] -->        <\/h4><!-- [et_pb_line_break_holder] -->      <\/div><!-- [et_pb_line_break_holder] -->      <div class=\"tour__titulo\"><!-- [et_pb_line_break_holder] -->        <img decoding=\"async\" src=\"https:\/\/crowntoursmendoza.com\/wp-content\/uploads\/2024\/08\/burbujas-tour-icono-3.svg\" width=\"100%\" height=\"100%\" alt=\"Eventos empresariales en Mendoza: Ilustraci\u00f3n de una mano sosteniendo una bandeja de catering\"><!-- [et_pb_line_break_holder] -->        <h4><!-- [et_pb_line_break_holder] -->          CATERING<!-- [et_pb_line_break_holder] -->        <\/h4><!-- [et_pb_line_break_holder] -->      <\/div><!-- [et_pb_line_break_holder] -->      <div class=\"tour__titulo\"><!-- [et_pb_line_break_holder] -->        <img decoding=\"async\" src=\"https:\/\/crowntoursmendoza.com\/wp-content\/uploads\/2024\/08\/empresarial-deco.svg\" width=\"100%\" height=\"100%\" alt=\"Eventos empresariales en Mendoza: Ilustraci\u00f3n de una planta en una maceta representando decoraci\u00f3n de eventos\"><!-- [et_pb_line_break_holder] -->        <h4><!-- [et_pb_line_break_holder] -->          DECORATION<!-- [et_pb_line_break_holder] -->        <\/h4><!-- [et_pb_line_break_holder] -->      <\/div><!-- [et_pb_line_break_holder] -->      <div class=\"tour__titulo\"><!-- [et_pb_line_break_holder] -->        <img decoding=\"async\" src=\"https:\/\/crowntoursmendoza.com\/wp-content\/uploads\/2024\/08\/empresarial-animacion.svg\" width=\"100%\" height=\"100%\" alt=\"Eventos empresariales en Mendoza: Ilustraci\u00f3n de un micr\u00f3fono simbolizando animaci\u00f3n en eventos\"><!-- [et_pb_line_break_holder] -->        <h4><!-- [et_pb_line_break_holder] -->          ANIMATION<!-- [et_pb_line_break_holder] -->        <\/h4><!-- [et_pb_line_break_holder] -->      <\/div><!-- [et_pb_line_break_holder] -->      <div class=\"tour__titulo ultimo\"><!-- [et_pb_line_break_holder] -->        <img decoding=\"async\" src=\"https:\/\/crowntoursmendoza.com\/wp-content\/uploads\/2024\/08\/burbujas-tour-icono-1.svg\" width=\"100%\" height=\"100%\" alt=\"Eventos empresariales en Mendoza: Ilustraci\u00f3n de un autob\u00fas de transporte para eventos empresariales\"><!-- [et_pb_line_break_holder] -->        <h4><!-- [et_pb_line_break_holder] -->          TRANSPORTATION SERVICES<!-- [et_pb_line_break_holder] -->        <\/h4><!-- [et_pb_line_break_holder] -->      <\/div><!-- [et_pb_line_break_holder] -->    <\/div><!-- [et_pb_line_break_holder] -->    <div class=\"tour__desc\"><!-- [et_pb_line_break_holder] -->    \t<pee><!-- [et_pb_line_break_holder] -->        At Crown Tours, we help you design and organize a corporate event that stands out for its elegance, sophistication and attention to detail. We accompany you every step of the way, making sure that everything is perfectly coordinated to make your event a resounding success.<!-- [et_pb_line_break_holder] -->      <\/pee><!-- [et_pb_line_break_holder] -->    <\/div><!-- [et_pb_line_break_holder] -->  <\/div><!-- [et_pb_line_break_holder] -->  <!-- [et_pb_line_break_holder] --><\/div>[\/et_pb_code][\/et_pb_column][\/et_pb_row][\/et_pb_section][et_pb_section fb_built=\u00bb1\u2033 custom_padding_last_edited=\u00bbon|phone\u00bb _builder_version=\u00bb4.27.0\u2033 _module_preset=\u00bbdefault\u00bb custom_padding_tablet=\u00bb\u00bb custom_padding_phone=\u00bb30px||30px||true|false\u00bb global_colors_info=\u00bb{}\u00bb][et_pb_row custom_padding_last_edited=\u00bbon|desktop\u00bb _builder_version=\u00bb4.27.0\u2033 _module_preset=\u00bbdefault\u00bb width=\u00bb95%\u00bb width_tablet=\u00bb560px\u00bb width_phone=\u00bb85%\u00bb width_last_edited=\u00bbon|phone\u00bb custom_padding=\u00bb||20px||false|false\u00bb custom_padding_tablet=\u00bb||20px||false|false\u00bb custom_padding_phone=\u00bb||20px||false|false\u00bb global_colors_info=\u00bb{}\u00bb][et_pb_column type=\u00bb4_4\u2033 _builder_version=\u00bb4.27.0\u2033 _module_preset=\u00bbdefault\u00bb global_colors_info=\u00bb{}\u00bb][et_pb_text _builder_version=\u00bb4.27.0\u2033 _module_preset=\u00bbdefault\u00bb header_2_text_align=\u00bbcenter\u00bb header_2_text_color=\u00bb#4C2178\u2033 header_2_font_size=\u00bb38px\u00bb header_2_line_height=\u00bb44px\u00bb custom_margin=\u00bb||0px||false|false\u00bb custom_margin_tablet=\u00bb\u00bb custom_margin_phone=\u00bb||0px||false|false\u00bb custom_margin_last_edited=\u00bbon|phone\u00bb header_2_text_align_tablet=\u00bbleft\u00bb header_2_text_align_phone=\u00bbcenter\u00bb header_2_text_align_last_edited=\u00bboff|desktop\u00bb header_2_font_size_tablet=\u00bb30px\u00bb header_2_font_size_phone=\u00bb24px\u00bb header_2_font_size_last_edited=\u00bbon|tablet\u00bb header_2_line_height_tablet=\u00bb38px\u00bb header_2_line_height_phone=\u00bb32px\u00bb header_2_line_height_last_edited=\u00bbon|tablet\u00bb global_colors_info=\u00bb{}\u00bb]<h2>Let's start planning your corporate event<\/h2>[\/et_pb_text][\/et_pb_column][\/et_pb_row][et_pb_row _builder_version=\u00bb4.27.0\u2033 _module_preset=\u00bbdefault\u00bb background_color=\u00bb#E1DFD5\u2033 width_tablet=\u00bb\u00bb width_phone=\u00bb85%\u00bb width_last_edited=\u00bbon|phone\u00bb max_width=\u00bb700px\u00bb max_width_tablet=\u00bb700px\u00bb max_width_phone=\u00bb700px\u00bb max_width_last_edited=\u00bbon|desktop\u00bb custom_padding=\u00bb30px|0px|30px|0px|true|true\u00bb border_color_all=\u00bb#4C2178\u2033 global_colors_info=\u00bb{}\u00bb][et_pb_column type=\u00bb4_4\u2033 _builder_version=\u00bb4.27.0\u2033 _module_preset=\u00bbdefault\u00bb global_colors_info=\u00bb{}\u00bb][et_pb_image src=\u00bbhttps:\/\/crowntoursmendoza.com\/wp-content\/uploads\/2024\/08\/empresariales-planificacion.svg\u00bb title_text=\u00bbempresariales-planificacion\u00bb _builder_version=\u00bb4.27.4\u2033 _module_preset=\u00bbdefault\u00bb max_width=\u00bb200px\u00bb max_width_tablet=\u00bb200px\u00bb max_width_phone=\u00bb160px\u00bb max_width_last_edited=\u00bbon|phone\u00bb module_alignment=\u00bbcenter\u00bb custom_margin_tablet=\u00bb\u00bb custom_margin_phone=\u00bb||20px||false|false\u00bb custom_margin_last_edited=\u00bbon|phone\u00bb hover_enabled=\u00bb0\u2033 global_colors_info=\u00bb{}\u00bb alt=\u00bbIlustraci\u00f3n de checkpoints de la planificaci\u00f3n en Eventos Empresariales en Mendoza\u00bb sticky_enabled=\u00bb0\u2033][\/et_pb_image][et_pb_text _builder_version=\u00bb4.27.0\u2033 _module_preset=\u00bbdefault\u00bb text_text_color=\u00bb#323234\u2033 text_font_size=\u00bb16px\u00bb text_orientation=\u00bbcenter\u00bb max_width=\u00bb480px\u00bb max_width_tablet=\u00bb480px\u00bb max_width_phone=\u00bb90%\u00bb max_width_last_edited=\u00bbon|phone\u00bb module_alignment=\u00bbcenter\u00bb custom_margin=\u00bb||20px||false|false\u00bb custom_padding=\u00bb||20px||false|false\u00bb custom_padding_tablet=\u00bb\u00bb custom_padding_phone=\u00bb|20px||20px|false|true\u00bb custom_padding_last_edited=\u00bbon|phone\u00bb text_font_size_tablet=\u00bb16px\u00bb text_font_size_phone=\u00bb14px\u00bb text_font_size_last_edited=\u00bbon|phone\u00bb text_line_height_tablet=\u00bb\u00bb text_line_height_phone=\u00bb18px\u00bb text_line_height_last_edited=\u00bbon|phone\u00bb border_width_bottom=\u00bb1px\u00bb border_color_bottom=\u00bb#4C2178\u2033 global_colors_info=\u00bb{}\u00bb]<p>We accompany you in every step of the process, ensuring<br \/>that everything is perfectly coordinated to make your event a resounding success.<\/p>[\/et_pb_text][et_pb_button button_url=\u00bbhttps:\/\/wa.link\/e8mefs\u00bb url_new_window=\u00bbon\u00bb button_text=\u00bbCONTACTAR\u00bb button_alignment=\u00bbcenter\u00bb _builder_version=\u00bb4.27.0\u2033 _module_preset=\u00bbdefault\u00bb custom_button=\u00bbon\u00bb button_text_size=\u00bb18px\u00bb button_text_color=\u00bb#4C2178\u2033 button_bg_color=\u00bbRGBA(255,255,255,0)\u00bb button_border_color=\u00bb#4C2178\u2033 button_border_radius=\u00bb0px\u00bb button_font=\u00bbGotham \u2013 Bold||||||||\u00bb button_use_icon=\u00bboff\u00bb custom_padding=\u00bb|30px||30px|true|true\u00bb button_text_size_tablet=\u00bb18px\u00bb button_text_size_phone=\u00bb16px\u00bb button_text_size_last_edited=\u00bbon|phone\u00bb global_colors_info=\u00bb{}\u00bb button_text_color__hover=\u00bb#FFFFFF\u00bb button_text_color__hover_enabled=\u00bbon|hover\u00bb button_bg_color__hover=\u00bb#4C2178\u2033 button_bg_color__hover_enabled=\u00bbon|desktop\u00bb button_custom_margin_tablet=\u00bb30px||||false|false\u00bb button_custom_margin_phone=\u00bb10px||30px||false|false\u00bb button_custom_margin_last_edited=\u00bbon|phone\u00bb button_bg_enable_color__hover=\u00bbon\u00bb][\/et_pb_button][\/et_pb_column][\/et_pb_row][\/et_pb_section]","protected":false},"excerpt":{"rendered":"<p>Corporate events in MendozaCustomized servicesAre you looking for a unique and memorable place to celebrate your corporate event? Mendoza's vineyards offer the perfect setting for any occasion. With its breathtaking scenery and the elegance of its wineries, it is the ideal place to surprise your guests and create unforgettable memories.Personalized Services for your EventLet's start planning [...]<\/p>","protected":false},"author":1,"featured_media":908,"parent":0,"menu_order":0,"comment_status":"closed","ping_status":"closed","template":"","meta":{"_et_pb_use_builder":"on","_et_pb_old_content":"","_et_gb_content_width":"","footnotes":""},"categories":[13],"tags":[],"class_list":["post-902","page","type-page","status-publish","has-post-thumbnail","hentry","category-eventos"],"aioseo_notices":[],"_links":{"self":[{"href":"https:\/\/crowntoursmendoza.com\/en\/wp-json\/wp\/v2\/pages\/902","targetHints":{"allow":["GET"]}}],"collection":[{"href":"https:\/\/crowntoursmendoza.com\/en\/wp-json\/wp\/v2\/pages"}],"about":[{"href":"https:\/\/crowntoursmendoza.com\/en\/wp-json\/wp\/v2\/types\/page"}],"author":[{"embeddable":true,"href":"https:\/\/crowntoursmendoza.com\/en\/wp-json\/wp\/v2\/users\/1"}],"replies":[{"embeddable":true,"href":"https:\/\/crowntoursmendoza.com\/en\/wp-json\/wp\/v2\/comments?post=902"}],"version-history":[{"count":0,"href":"https:\/\/crowntoursmendoza.com\/en\/wp-json\/wp\/v2\/pages\/902\/revisions"}],"wp:featuredmedia":[{"embeddable":true,"href":"https:\/\/crowntoursmendoza.com\/en\/wp-json\/wp\/v2\/media\/908"}],"wp:attachment":[{"href":"https:\/\/crowntoursmendoza.com\/en\/wp-json\/wp\/v2\/media?parent=902"}],"wp:term":[{"taxonomy":"category","embeddable":true,"href":"https:\/\/crowntoursmendoza.com\/en\/wp-json\/wp\/v2\/categories?post=902"},{"taxonomy":"post_tag","embeddable":true,"href":"https:\/\/crowntoursmendoza.com\/en\/wp-json\/wp\/v2\/tags?post=902"}],"curies":[{"name":"wp","href":"https:\/\/api.w.org\/{rel}","templated":true}]}}