{"id":888,"date":"2024-08-12T15:27:13","date_gmt":"2024-08-12T18:27:13","guid":{"rendered":"https:\/\/crowntoursmendoza.com\/?page_id=888"},"modified":"2025-07-10T10:43:36","modified_gmt":"2025-07-10T13:43:36","slug":"casamiento-en-mendoza","status":"publish","type":"page","link":"https:\/\/crowntoursmendoza.com\/en\/casamiento-en-mendoza\/","title":{"rendered":"Wedding in Mendoza"},"content":{"rendered":"[et_pb_section fb_built=\u00bb1&#8243; module_class=\u00bbhome__portada\u00bb _builder_version=\u00bb4.27.0&#8243; _module_preset=\u00bbdefault\u00bb background_image=\u00bbhttps:\/\/crowntoursmendoza.com\/wp-content\/uploads\/2024\/08\/crown-tours-mendoza-casamientos-portada.jpg\u00bb background_position=\u00bbtop_center\u00bb height=\u00bb100vh\u00bb height_tablet=\u00bb80vh\u00bb height_phone=\u00bb60vh\u00bb height_last_edited=\u00bbon|phone\u00bb custom_padding=\u00bb0px||0px||true|false\u00bb custom_css_main_element=\u00bbdisplay: flex;||align-items: flex-end;\u00bb locked=\u00bboff\u00bb global_colors_info=\u00bb{}\u00bb][et_pb_row _builder_version=\u00bb4.27.0&#8243; _module_preset=\u00bbdefault\u00bb width=\u00bb90%\u00bb width_tablet=\u00bb90%\u00bb width_phone=\u00bb85%\u00bb width_last_edited=\u00bbon|tablet\u00bb max_width=\u00bb100%\u00bb custom_margin=\u00bb0px||120px||false|false\u00bb custom_margin_tablet=\u00bb0px||200px||false|false\u00bb custom_margin_phone=\u00bb0px||100px||false|false\u00bb custom_margin_last_edited=\u00bbon|phone\u00bb custom_padding=\u00bb0px||0px||true|false\u00bb global_colors_info=\u00bb{}\u00bb][et_pb_column type=\u00bb4_4&#8243; _builder_version=\u00bb4.27.0&#8243; _module_preset=\u00bbdefault\u00bb global_colors_info=\u00bb{}\u00bb][et_pb_text _builder_version=\u00bb4.27.4&#8243; _module_preset=\u00bbdefault\u00bb header_text_align=\u00bbcenter\u00bb header_text_color=\u00bb#FFFFFF\u00bb header_font_size=\u00bb42px\u00bb header_line_height=\u00bb48px\u00bb custom_margin=\u00bb||20px||false|false\u00bb custom_margin_tablet=\u00bb||20px||false|false\u00bb custom_margin_phone=\u00bb||10px||false|false\u00bb custom_margin_last_edited=\u00bbon|phone\u00bb hover_enabled=\u00bb0&#8243; header_font_size_tablet=\u00bb38px\u00bb header_font_size_phone=\u00bb30px\u00bb header_font_size_last_edited=\u00bbon|tablet\u00bb header_line_height_tablet=\u00bb44px\u00bb header_line_height_phone=\u00bb36px\u00bb header_line_height_last_edited=\u00bbon|tablet\u00bb global_colors_info=\u00bb{}\u00bb sticky_enabled=\u00bb0&#8243; max_width=\u00bb600px\u00bb module_alignment=\u00bbcenter\u00bb]<h1>We plan your wedding in Mendoza<\/h1>[\/et_pb_text][et_pb_button button_url=\u00bbhttps:\/\/wa.link\/e8mefs\u00bb url_new_window=\u00bbon\u00bb button_text=\u00bbRESERVAR\u00bb button_alignment=\u00bbcenter\u00bb _builder_version=\u00bb4.27.0&#8243; _module_preset=\u00bbdefault\u00bb custom_button=\u00bbon\u00bb button_text_size=\u00bb18px\u00bb button_text_color=\u00bb#FFFFFF\u00bb button_bg_color=\u00bbRGBA(255,255,255,0)\u00bb button_border_color=\u00bb#FFFFFF\u00bb button_border_radius=\u00bb0px\u00bb button_font=\u00bbGotham &#8211; Bold||||||||\u00bb button_use_icon=\u00bboff\u00bb custom_padding=\u00bb|30px||30px|true|true\u00bb button_text_size_tablet=\u00bb18px\u00bb button_text_size_phone=\u00bb16px\u00bb button_text_size_last_edited=\u00bbon|phone\u00bb locked=\u00bboff\u00bb global_colors_info=\u00bb{}\u00bb button_text_color__hover=\u00bb#323234&#8243; button_text_color__hover_enabled=\u00bbon|hover\u00bb button_bg_color__hover=\u00bb#FFFFFF\u00bb button_bg_color__hover_enabled=\u00bbon|desktop\u00bb button_custom_margin_tablet=\u00bb30px||||false|false\u00bb button_custom_margin_phone=\u00bb10px||30px||false|false\u00bb button_custom_margin_last_edited=\u00bbon|phone\u00bb button_bg_enable_color__hover=\u00bbon\u00bb button_border_color__hover_enabled=\u00bbon|hover\u00bb button_border_color__hover=\u00bb#FFFFFF\u00bb][\/et_pb_button][\/et_pb_column][\/et_pb_row][\/et_pb_section][et_pb_section fb_built=\u00bb1&#8243; custom_padding_last_edited=\u00bbon|tablet\u00bb module_id=\u00bbtour-desc\u00bb module_class=\u00bbsection__overlay\u00bb _builder_version=\u00bb4.27.0&#8243; _module_preset=\u00bbdefault\u00bb background_enable_color=\u00bboff\u00bb background_image=\u00bbhttps:\/\/crowntoursmendoza.com\/wp-content\/uploads\/2024\/08\/crown-tours-mendoza-casamientos-background.jpg\u00bb background_position=\u00bbtop_center\u00bb background_vertical_offset=\u00bb0%\u00bb custom_padding=\u00bb130px||130px||false|false\u00bb custom_padding_tablet=\u00bb40px||100px||false|false\u00bb custom_padding_phone=\u00bb20px||60px||false|false\u00bb global_colors_info=\u00bb{}\u00bb][et_pb_row _builder_version=\u00bb4.27.0&#8243; _module_preset=\u00bbdefault\u00bb width_tablet=\u00bb90%\u00bb width_phone=\u00bb85%\u00bb width_last_edited=\u00bbon|tablet\u00bb global_colors_info=\u00bb{}\u00bb][et_pb_column type=\u00bb4_4&#8243; _builder_version=\u00bb4.26.1&#8243; _module_preset=\u00bbdefault\u00bb global_colors_info=\u00bb{}\u00bb][et_pb_text _builder_version=\u00bb4.27.0&#8243; _module_preset=\u00bbdefault\u00bb header_2_text_align=\u00bbcenter\u00bb header_2_text_color=\u00bb#E1DFD5&#8243; header_2_font_size=\u00bb38px\u00bb header_2_line_height=\u00bb44px\u00bb max_width=\u00bb690px\u00bb module_alignment=\u00bbcenter\u00bb custom_margin=\u00bb||20px||false|false\u00bb custom_margin_phone=\u00bb30px||10px||false|false\u00bb custom_margin_last_edited=\u00bboff|desktop\u00bb header_2_text_align_tablet=\u00bbcenter\u00bb header_2_text_align_phone=\u00bbcenter\u00bb header_2_text_align_last_edited=\u00bbon|phone\u00bb header_2_font_size_tablet=\u00bb30px\u00bb header_2_font_size_phone=\u00bb26px\u00bb header_2_font_size_last_edited=\u00bbon|tablet\u00bb header_2_line_height_tablet=\u00bb38px\u00bb header_2_line_height_phone=\u00bb34px\u00bb header_2_line_height_last_edited=\u00bbon|tablet\u00bb global_colors_info=\u00bb{}\u00bb]<h2>The Perfect Place for the Most Special Day of Your Life<\/h2>[\/et_pb_text][et_pb_text _builder_version=\u00bb4.27.0&#8243; _module_preset=\u00bbdefault\u00bb text_font=\u00bb&#8211;et_global_body_font|500|||||||\u00bb text_text_color=\u00bb#E1DFD5&#8243; text_font_size=\u00bb20px\u00bb text_line_height=\u00bb28px\u00bb text_orientation=\u00bbcenter\u00bb max_width=\u00bb780px\u00bb max_width_tablet=\u00bb90%\u00bb max_width_phone=\u00bb100%\u00bb max_width_last_edited=\u00bbon|tablet\u00bb module_alignment=\u00bbcenter\u00bb text_font_size_tablet=\u00bb16px\u00bb text_font_size_phone=\u00bb14px\u00bb text_font_size_last_edited=\u00bbon|tablet\u00bb text_line_height_tablet=\u00bb24px\u00bb text_line_height_phone=\u00bb20px\u00bb text_line_height_last_edited=\u00bbon|tablet\u00bb text_orientation_phone=\u00bbcenter\u00bb text_orientation_last_edited=\u00bboff|desktop\u00bb global_colors_info=\u00bb{}\u00bb]<p>Imagine celebrating your wedding in the middle of Mendoza's breathtaking vineyards, surrounded by majestic landscapes and the elegance of the most prestigious wineries. At Crown Tours, we specialize in creating unique and memorable weddings, tailored to your dreams.<\/p>[\/et_pb_text][\/et_pb_column][\/et_pb_row][\/et_pb_section][et_pb_section fb_built=\u00bb1&#8243; custom_padding_last_edited=\u00bbon|phone\u00bb _builder_version=\u00bb4.27.0&#8243; _module_preset=\u00bbdefault\u00bb background_color=\u00bb#E1DFD5&#8243; custom_padding=\u00bb||||false|false\u00bb custom_padding_tablet=\u00bb\u00bb custom_padding_phone=\u00bb30px||30px||true|false\u00bb global_colors_info=\u00bb{}\u00bb][et_pb_row _builder_version=\u00bb4.27.0&#8243; _module_preset=\u00bbdefault\u00bb width=\u00bb95%\u00bb width_tablet=\u00bb600px\u00bb width_phone=\u00bb85%\u00bb width_last_edited=\u00bbon|phone\u00bb global_colors_info=\u00bb{}\u00bb][et_pb_column type=\u00bb4_4&#8243; _builder_version=\u00bb4.27.0&#8243; _module_preset=\u00bbdefault\u00bb global_colors_info=\u00bb{}\u00bb][et_pb_text _builder_version=\u00bb4.27.0&#8243; _module_preset=\u00bbdefault\u00bb header_2_text_align=\u00bbcenter\u00bb header_2_text_color=\u00bb#323234&#8243; header_2_font_size=\u00bb32px\u00bb header_2_line_height=\u00bb44px\u00bb custom_margin=\u00bb||10px||false|false\u00bb custom_margin_tablet=\u00bb\u00bb custom_margin_phone=\u00bb||0px||false|false\u00bb custom_margin_last_edited=\u00bbon|phone\u00bb header_2_text_align_tablet=\u00bbleft\u00bb header_2_text_align_phone=\u00bbcenter\u00bb header_2_text_align_last_edited=\u00bboff|desktop\u00bb header_2_font_size_tablet=\u00bb30px\u00bb header_2_font_size_phone=\u00bb26px\u00bb header_2_font_size_last_edited=\u00bbon|tablet\u00bb header_2_line_height_tablet=\u00bb38px\u00bb header_2_line_height_phone=\u00bb34px\u00bb header_2_line_height_last_edited=\u00bbon|tablet\u00bb global_colors_info=\u00bb{}\u00bb]<h2>Wedding Planning Services<\/h2>[\/et_pb_text][et_pb_text _builder_version=\"4.27.0\u2033 _module_preset=\"default\" text_font=\"-et_global_body_font|500|||||||\" text_text_color=\"#323234\u2033 text_font_size=\"18px\" text_line_height=\"26px\" text_orientation=\"center\" max_width=\"730px\" max_width_tablet=\"90%\" max_width_phone=\"100%\" max_width_last_edited=\"on|tablet\" module_alignment=\"center\" custom_margin=\"|||50px||false|false|false\" custom_margin_tablet=\"|||50px|||false|false|false\" custom_margin_phone=\"|||30px|||false|false|false\" custom_margin_last_edited=\"on|phone\" text_font_size_tablet=\"16px\" text_font_size_phone=\"14px\" text_font_size_last_edited=\"on|tablet\" text_line_height_tablet=\"24px\" text_line_height_phone=\"20px\" text_line_height_last_edited=\"on|tablet\" text_orientation_phone=\"center\" text_orientation_last_edited=\"off|desktop\" global_colors_info=\"{}\"]<p>From the initial planning to the last detail, our team of experts will take care of everything to make your day perfect. We offer a full range of services to ensure that every aspect of your wedding is exactly as you have imagined.<\/p>[\/et_pb_text][et_pb_button button_url=\u00bbhttps:\/\/wa.link\/e8mefs\u00bb url_new_window=\u00bbon\u00bb button_text=\u00bbPLANIFICAR\u00bb button_alignment=\u00bbcenter\u00bb _builder_version=\u00bb4.27.0&#8243; _module_preset=\u00bbdefault\u00bb custom_button=\u00bbon\u00bb button_text_size=\u00bb18px\u00bb button_text_color=\u00bb#4C2178&#8243; button_bg_color=\u00bbRGBA(255,255,255,0)\u00bb button_border_color=\u00bb#4C2178&#8243; button_border_radius=\u00bb0px\u00bb button_font=\u00bbGotham &#8211; Bold||||||||\u00bb button_use_icon=\u00bboff\u00bb custom_padding=\u00bb|30px||30px|true|true\u00bb button_text_size_tablet=\u00bb18px\u00bb button_text_size_phone=\u00bb16px\u00bb button_text_size_last_edited=\u00bbon|phone\u00bb locked=\u00bboff\u00bb global_colors_info=\u00bb{}\u00bb button_text_color__hover=\u00bb#FFFFFF\u00bb button_text_color__hover_enabled=\u00bbon|hover\u00bb button_bg_color__hover=\u00bb#4C2178&#8243; button_bg_color__hover_enabled=\u00bbon|desktop\u00bb button_custom_margin_tablet=\u00bb30px||||false|false\u00bb button_custom_margin_phone=\u00bb10px||30px||false|false\u00bb button_custom_margin_last_edited=\u00bbon|phone\u00bb button_bg_enable_color__hover=\u00bbon\u00bb][\/et_pb_button][\/et_pb_column][\/et_pb_row][\/et_pb_section]","protected":false},"excerpt":{"rendered":"<p>Planificamos tu casamiento en MendozaEl Lugar Perfecto para el D\u00eda M\u00e1s Especial de Tu VidaImag\u00ednate celebrar tu boda en medio de los impresionantes vi\u00f1edos de Mendoza, rodeado de paisajes majestuosos y la elegancia de las bodegas m\u00e1s prestigiosas. En Crown Tours, nos especializamos en crear bodas \u00fanicas y memorables, dise\u00f1adas a la medida de tus [&hellip;]<\/p>","protected":false},"author":1,"featured_media":892,"parent":0,"menu_order":0,"comment_status":"closed","ping_status":"closed","template":"","meta":{"_et_pb_use_builder":"on","_et_pb_old_content":"","_et_gb_content_width":"","footnotes":""},"categories":[13],"tags":[],"class_list":["post-888","page","type-page","status-publish","has-post-thumbnail","hentry","category-eventos"],"aioseo_notices":[],"_links":{"self":[{"href":"https:\/\/crowntoursmendoza.com\/en\/wp-json\/wp\/v2\/pages\/888","targetHints":{"allow":["GET"]}}],"collection":[{"href":"https:\/\/crowntoursmendoza.com\/en\/wp-json\/wp\/v2\/pages"}],"about":[{"href":"https:\/\/crowntoursmendoza.com\/en\/wp-json\/wp\/v2\/types\/page"}],"author":[{"embeddable":true,"href":"https:\/\/crowntoursmendoza.com\/en\/wp-json\/wp\/v2\/users\/1"}],"replies":[{"embeddable":true,"href":"https:\/\/crowntoursmendoza.com\/en\/wp-json\/wp\/v2\/comments?post=888"}],"version-history":[{"count":0,"href":"https:\/\/crowntoursmendoza.com\/en\/wp-json\/wp\/v2\/pages\/888\/revisions"}],"wp:featuredmedia":[{"embeddable":true,"href":"https:\/\/crowntoursmendoza.com\/en\/wp-json\/wp\/v2\/media\/892"}],"wp:attachment":[{"href":"https:\/\/crowntoursmendoza.com\/en\/wp-json\/wp\/v2\/media?parent=888"}],"wp:term":[{"taxonomy":"category","embeddable":true,"href":"https:\/\/crowntoursmendoza.com\/en\/wp-json\/wp\/v2\/categories?post=888"},{"taxonomy":"post_tag","embeddable":true,"href":"https:\/\/crowntoursmendoza.com\/en\/wp-json\/wp\/v2\/tags?post=888"}],"curies":[{"name":"wp","href":"https:\/\/api.w.org\/{rel}","templated":true}]}}